{"id":29,"date":"2021-08-18T22:27:20","date_gmt":"2021-08-18T20:27:20","guid":{"rendered":"http:\/\/lubmasz.dkonto.pl\/?page_id=29"},"modified":"2021-08-23T16:09:23","modified_gmt":"2021-08-23T14:09:23","slug":"kontakt","status":"publish","type":"page","link":"https:\/\/lubmasz.dkonto.pl\/index.php\/kontakt\/","title":{"rendered":"Kontakt"},"content":{"rendered":"\t\t<div data-elementor-type=\"wp-page\" data-elementor-id=\"29\" class=\"elementor elementor-29\" data-elementor-settings=\"[]\">\n\t\t\t\t\t\t\t<div class=\"elementor-section-wrap\">\n\t\t\t\t\t\t\t<section class=\"elementor-section elementor-top-section elementor-element elementor-element-c4fe81b elementor-section-full_width elementor-section-height-default elementor-section-height-default\" data-id=\"c4fe81b\" data-element_type=\"section\">\n\t\t\t\t\t\t<div class=\"elementor-container elementor-column-gap-no\">\n\t\t\t\t\t<div class=\"elementor-column elementor-col-100 elementor-top-column elementor-element elementor-element-5ac1363\" data-id=\"5ac1363\" data-element_type=\"column\">\n\t\t\t<div class=\"elementor-widget-wrap elementor-element-populated\">\n\t\t\t\t\t\t\t\t<div class=\"elementor-element elementor-element-233e11a elementor-widget elementor-widget-google_maps\" data-id=\"233e11a\" data-element_type=\"widget\" data-widget_type=\"google_maps.default\">\n\t\t\t\t<div class=\"elementor-widget-container\">\n\t\t\t\t\t<div class=\"elementor-custom-embed\">\n\t\t\t<iframe frameborder=\"0\" scrolling=\"no\" marginheight=\"0\" marginwidth=\"0\"\n\t\t\t\t\tsrc=\"https:\/\/maps.google.com\/maps?q=Rudnik%20140%2C%2020-258%20Lublin&#038;t=m&#038;z=11&#038;output=embed&#038;iwloc=near\"\n\t\t\t\t\ttitle=\"Rudnik 140, 20-258 Lublin\"\n\t\t\t\t\taria-label=\"Rudnik 140, 20-258 Lublin\"\n\t\t\t><\/iframe>\n\t\t<\/div>\n\t\t\t\t<\/div>\n\t\t\t\t<\/div>\n\t\t\t\t\t<\/div>\n\t\t<\/div>\n\t\t\t\t\t\t\t<\/div>\n\t\t<\/section>\n\t\t\t\t<section class=\"elementor-section elementor-top-section elementor-element elementor-element-f728570 elementor-section-boxed elementor-section-height-default elementor-section-height-default\" data-id=\"f728570\" data-element_type=\"section\">\n\t\t\t\t\t\t<div class=\"elementor-container elementor-column-gap-default\">\n\t\t\t\t\t<div class=\"elementor-column elementor-col-100 elementor-top-column elementor-element elementor-element-1324afd\" data-id=\"1324afd\" data-element_type=\"column\">\n\t\t\t<div class=\"elementor-widget-wrap elementor-element-populated\">\n\t\t\t\t\t\t\t\t<div class=\"elementor-element elementor-element-09b571e elementor-widget elementor-widget-heading\" data-id=\"09b571e\" data-element_type=\"widget\" data-widget_type=\"heading.default\">\n\t\t\t\t<div class=\"elementor-widget-container\">\n\t\t\t<h2 class=\"elementor-heading-title elementor-size-default\">Zadzwo\u0144<\/h2>\t\t<\/div>\n\t\t\t\t<\/div>\n\t\t\t\t<div class=\"elementor-element elementor-element-06b22e1 elementor-widget elementor-widget-heading\" data-id=\"06b22e1\" data-element_type=\"widget\" data-widget_type=\"heading.default\">\n\t\t\t\t<div class=\"elementor-widget-container\">\n\t\t\t<h2 class=\"elementor-heading-title elementor-size-default\">lub napisz wiadomo\u015b\u0107<\/h2>\t\t<\/div>\n\t\t\t\t<\/div>\n\t\t\t\t\t<\/div>\n\t\t<\/div>\n\t\t\t\t\t\t\t<\/div>\n\t\t<\/section>\n\t\t\t\t<section class=\"elementor-section elementor-top-section elementor-element elementor-element-9743431 elementor-section-boxed elementor-section-height-default elementor-section-height-default\" data-id=\"9743431\" data-element_type=\"section\">\n\t\t\t\t\t\t<div class=\"elementor-container elementor-column-gap-default\">\n\t\t\t\t\t<div class=\"elementor-column elementor-col-50 elementor-top-column elementor-element elementor-element-8551491\" data-id=\"8551491\" data-element_type=\"column\">\n\t\t\t<div class=\"elementor-widget-wrap elementor-element-populated\">\n\t\t\t\t\t\t\t\t<section class=\"elementor-section elementor-inner-section elementor-element elementor-element-3905222 elementor-section-boxed elementor-section-height-default elementor-section-height-default\" data-id=\"3905222\" data-element_type=\"section\">\n\t\t\t\t\t\t<div class=\"elementor-container elementor-column-gap-default\">\n\t\t\t\t\t<div class=\"elementor-column elementor-col-50 elementor-inner-column elementor-element elementor-element-a81e23d\" data-id=\"a81e23d\" data-element_type=\"column\">\n\t\t\t<div class=\"elementor-widget-wrap elementor-element-populated\">\n\t\t\t\t\t\t\t\t<div class=\"elementor-element elementor-element-3939380 elementor-view-default elementor-widget elementor-widget-icon\" data-id=\"3939380\" data-element_type=\"widget\" data-widget_type=\"icon.default\">\n\t\t\t\t<div class=\"elementor-widget-container\">\n\t\t\t\t\t<div class=\"elementor-icon-wrapper\">\n\t\t\t<div class=\"elementor-icon\">\n\t\t\t<svg xmlns=\"http:\/\/www.w3.org\/2000\/svg\" width=\"58\" height=\"58\" viewBox=\"0 0 58 58\"><g id=\"Group_68\" data-name=\"Group 68\" transform=\"translate(-465 -1353)\"><rect id=\"Rectangle_68\" data-name=\"Rectangle 68\" width=\"58\" height=\"58\" transform=\"translate(465 1353)\" fill=\"#ff0001\"><\/rect><path id=\"Icon_awesome-phone-alt\" data-name=\"Icon awesome-phone-alt\" d=\"M31.8,23.13l-7.16-3.069a1.534,1.534,0,0,0-1.79.441l-3.171,3.874A23.7,23.7,0,0,1,8.349,13.049l3.874-3.171a1.53,1.53,0,0,0,.441-1.79L9.6.928A1.545,1.545,0,0,0,7.838.039L1.189,1.573A1.534,1.534,0,0,0,0,3.069,29.66,29.66,0,0,0,29.663,32.732a1.534,1.534,0,0,0,1.5-1.189l1.534-6.649A1.553,1.553,0,0,0,31.8,23.13Z\" transform=\"translate(478 1366)\" fill=\"#fff\"><\/path><\/g><\/svg>\t\t\t<\/div>\n\t\t<\/div>\n\t\t\t\t<\/div>\n\t\t\t\t<\/div>\n\t\t\t\t\t<\/div>\n\t\t<\/div>\n\t\t\t\t<div class=\"elementor-column elementor-col-50 elementor-inner-column elementor-element elementor-element-424e06a\" data-id=\"424e06a\" data-element_type=\"column\">\n\t\t\t<div class=\"elementor-widget-wrap elementor-element-populated\">\n\t\t\t\t\t\t\t\t<div class=\"elementor-element elementor-element-f693a9d elementor-widget elementor-widget-heading\" data-id=\"f693a9d\" data-element_type=\"widget\" data-widget_type=\"heading.default\">\n\t\t\t\t<div class=\"elementor-widget-container\">\n\t\t\t<h2 class=\"elementor-heading-title elementor-size-default\">81 756 34 66\n<\/h2>\t\t<\/div>\n\t\t\t\t<\/div>\n\t\t\t\t<div class=\"elementor-element elementor-element-114fa62 elementor-widget elementor-widget-heading\" data-id=\"114fa62\" data-element_type=\"widget\" data-widget_type=\"heading.default\">\n\t\t\t\t<div class=\"elementor-widget-container\">\n\t\t\t<h2 class=\"elementor-heading-title elementor-size-default\">602 341 035<\/h2>\t\t<\/div>\n\t\t\t\t<\/div>\n\t\t\t\t\t<\/div>\n\t\t<\/div>\n\t\t\t\t\t\t\t<\/div>\n\t\t<\/section>\n\t\t\t\t<section class=\"elementor-section elementor-inner-section elementor-element elementor-element-774b2f5 elementor-section-boxed elementor-section-height-default elementor-section-height-default\" data-id=\"774b2f5\" data-element_type=\"section\">\n\t\t\t\t\t\t<div class=\"elementor-container elementor-column-gap-default\">\n\t\t\t\t\t<div class=\"elementor-column elementor-col-50 elementor-inner-column elementor-element elementor-element-ded0c2d\" data-id=\"ded0c2d\" data-element_type=\"column\">\n\t\t\t<div class=\"elementor-widget-wrap elementor-element-populated\">\n\t\t\t\t\t\t\t\t<div class=\"elementor-element elementor-element-b86af89 elementor-view-default elementor-widget elementor-widget-icon\" data-id=\"b86af89\" data-element_type=\"widget\" data-widget_type=\"icon.default\">\n\t\t\t\t<div class=\"elementor-widget-container\">\n\t\t\t\t\t<div class=\"elementor-icon-wrapper\">\n\t\t\t<div class=\"elementor-icon\">\n\t\t\t<svg xmlns=\"http:\/\/www.w3.org\/2000\/svg\" width=\"58\" height=\"58\" viewBox=\"0 0 58 58\"><g id=\"Group_70\" data-name=\"Group 70\" transform=\"translate(-598 -1349)\"><rect id=\"Rectangle_70\" data-name=\"Rectangle 70\" width=\"58\" height=\"58\" transform=\"translate(598 1349)\" fill=\"#ff0001\"><\/rect><path id=\"Icon_awesome-directions\" data-name=\"Icon awesome-directions\" d=\"M35.34,16.405,19.595.66a2.256,2.256,0,0,0-3.189,0L.66,16.405a2.256,2.256,0,0,0,0,3.189L16.405,35.34a2.255,2.255,0,0,0,3.189,0L35.34,19.595a2.256,2.256,0,0,0,0-3.189Zm-7.1.883-5.921,5.465a.563.563,0,0,1-.944-.413V18.563h-6.75v4.5a.562.562,0,0,1-.562.563h-2.25a.562.562,0,0,1-.562-.562V17.438a2.25,2.25,0,0,1,2.25-2.25h7.875V11.41A.563.563,0,0,1,22.319,11l5.921,5.465a.563.563,0,0,1,0,.827Z\" transform=\"translate(609 1360)\" fill=\"#fff\"><\/path><\/g><\/svg>\t\t\t<\/div>\n\t\t<\/div>\n\t\t\t\t<\/div>\n\t\t\t\t<\/div>\n\t\t\t\t\t<\/div>\n\t\t<\/div>\n\t\t\t\t<div class=\"elementor-column elementor-col-50 elementor-inner-column elementor-element elementor-element-c9bf144\" data-id=\"c9bf144\" data-element_type=\"column\">\n\t\t\t<div class=\"elementor-widget-wrap elementor-element-populated\">\n\t\t\t\t\t\t\t\t<div class=\"elementor-element elementor-element-cfd4704 elementor-widget elementor-widget-heading\" data-id=\"cfd4704\" data-element_type=\"widget\" data-widget_type=\"heading.default\">\n\t\t\t\t<div class=\"elementor-widget-container\">\n\t\t\t<h2 class=\"elementor-heading-title elementor-size-default\">Rudnik 140, 20-258 Lublin <br>\n(koniec ul. Do\u017cynkowej, Lublin)<\/h2>\t\t<\/div>\n\t\t\t\t<\/div>\n\t\t\t\t\t<\/div>\n\t\t<\/div>\n\t\t\t\t\t\t\t<\/div>\n\t\t<\/section>\n\t\t\t\t<section class=\"elementor-section elementor-inner-section elementor-element elementor-element-8414349 elementor-section-boxed elementor-section-height-default elementor-section-height-default\" data-id=\"8414349\" data-element_type=\"section\">\n\t\t\t\t\t\t<div class=\"elementor-container elementor-column-gap-default\">\n\t\t\t\t\t<div class=\"elementor-column elementor-col-50 elementor-inner-column elementor-element elementor-element-8afde85\" data-id=\"8afde85\" data-element_type=\"column\">\n\t\t\t<div class=\"elementor-widget-wrap elementor-element-populated\">\n\t\t\t\t\t\t\t\t<div class=\"elementor-element elementor-element-9f1f465 elementor-view-default elementor-widget elementor-widget-icon\" data-id=\"9f1f465\" data-element_type=\"widget\" data-widget_type=\"icon.default\">\n\t\t\t\t<div class=\"elementor-widget-container\">\n\t\t\t\t\t<div class=\"elementor-icon-wrapper\">\n\t\t\t<div class=\"elementor-icon\">\n\t\t\t<svg xmlns=\"http:\/\/www.w3.org\/2000\/svg\" width=\"58\" height=\"58\" viewBox=\"0 0 58 58\"><g id=\"Group_69\" data-name=\"Group 69\" transform=\"translate(-537 -1349)\"><rect id=\"Rectangle_69\" data-name=\"Rectangle 69\" width=\"58\" height=\"58\" transform=\"translate(537 1349)\" fill=\"#ff0001\"><\/rect><path id=\"Icon_material-email\" data-name=\"Icon material-email\" d=\"M30,6H6A3,3,0,0,0,3.015,9L3,27a3.009,3.009,0,0,0,3,3H30a3.009,3.009,0,0,0,3-3V9A3.009,3.009,0,0,0,30,6Zm0,6L18,19.5,6,12V9l12,7.5L30,9Z\" transform=\"translate(548 1360)\" fill=\"#fff\"><\/path><\/g><\/svg>\t\t\t<\/div>\n\t\t<\/div>\n\t\t\t\t<\/div>\n\t\t\t\t<\/div>\n\t\t\t\t\t<\/div>\n\t\t<\/div>\n\t\t\t\t<div class=\"elementor-column elementor-col-50 elementor-inner-column elementor-element elementor-element-b54ed3e\" data-id=\"b54ed3e\" data-element_type=\"column\">\n\t\t\t<div class=\"elementor-widget-wrap elementor-element-populated\">\n\t\t\t\t\t\t\t\t<div class=\"elementor-element elementor-element-71a2f26 elementor-widget elementor-widget-heading\" data-id=\"71a2f26\" data-element_type=\"widget\" data-widget_type=\"heading.default\">\n\t\t\t\t<div class=\"elementor-widget-container\">\n\t\t\t<h2 class=\"elementor-heading-title elementor-size-default\">kontakt@lubmasz.pl<\/h2>\t\t<\/div>\n\t\t\t\t<\/div>\n\t\t\t\t\t<\/div>\n\t\t<\/div>\n\t\t\t\t\t\t\t<\/div>\n\t\t<\/section>\n\t\t\t\t<section class=\"elementor-section elementor-inner-section elementor-element elementor-element-df9d890 elementor-section-boxed elementor-section-height-default elementor-section-height-default\" data-id=\"df9d890\" data-element_type=\"section\">\n\t\t\t\t\t\t<div class=\"elementor-container elementor-column-gap-default\">\n\t\t\t\t\t<div class=\"elementor-column elementor-col-50 elementor-inner-column elementor-element elementor-element-8ef9ef9\" data-id=\"8ef9ef9\" data-element_type=\"column\">\n\t\t\t<div class=\"elementor-widget-wrap elementor-element-populated\">\n\t\t\t\t\t\t\t\t<div class=\"elementor-element elementor-element-31a04c9 elementor-view-default elementor-widget elementor-widget-icon\" data-id=\"31a04c9\" data-element_type=\"widget\" data-widget_type=\"icon.default\">\n\t\t\t\t<div class=\"elementor-widget-container\">\n\t\t\t\t\t<div class=\"elementor-icon-wrapper\">\n\t\t\t<div class=\"elementor-icon\">\n\t\t\t<svg xmlns=\"http:\/\/www.w3.org\/2000\/svg\" width=\"58\" height=\"58\" viewBox=\"0 0 58 58\"><g id=\"Group_71\" data-name=\"Group 71\" transform=\"translate(-678 -1349)\"><rect id=\"Rectangle_71\" data-name=\"Rectangle 71\" width=\"58\" height=\"58\" transform=\"translate(678 1349)\" fill=\"#ff0001\"><\/rect><path id=\"Icon_ionic-ios-time\" data-name=\"Icon ionic-ios-time\" d=\"M18,3.375A14.625,14.625,0,1,0,32.625,18,14.623,14.623,0,0,0,18,3.375Zm.984,15.891A.987.987,0,0,1,18,20.25H11.25a.984.984,0,0,1,0-1.969h5.766V9a.984.984,0,0,1,1.969,0Z\" transform=\"translate(688.625 1359.625)\" fill=\"#fff\"><\/path><\/g><\/svg>\t\t\t<\/div>\n\t\t<\/div>\n\t\t\t\t<\/div>\n\t\t\t\t<\/div>\n\t\t\t\t\t<\/div>\n\t\t<\/div>\n\t\t\t\t<div class=\"elementor-column elementor-col-50 elementor-inner-column elementor-element elementor-element-47febb8\" data-id=\"47febb8\" data-element_type=\"column\">\n\t\t\t<div class=\"elementor-widget-wrap elementor-element-populated\">\n\t\t\t\t\t\t\t\t<div class=\"elementor-element elementor-element-93e947d elementor-widget elementor-widget-heading\" data-id=\"93e947d\" data-element_type=\"widget\" data-widget_type=\"heading.default\">\n\t\t\t\t<div class=\"elementor-widget-container\">\n\t\t\t<h2 class=\"elementor-heading-title elementor-size-default\">poniedzia\u0142ek - pi\u0105tek: 08:00-17:00 <\/h2>\t\t<\/div>\n\t\t\t\t<\/div>\n\t\t\t\t\t<\/div>\n\t\t<\/div>\n\t\t\t\t\t\t\t<\/div>\n\t\t<\/section>\n\t\t\t\t\t<\/div>\n\t\t<\/div>\n\t\t\t\t<div class=\"elementor-column elementor-col-50 elementor-top-column elementor-element elementor-element-c796418\" data-id=\"c796418\" data-element_type=\"column\">\n\t\t\t<div class=\"elementor-widget-wrap elementor-element-populated\">\n\t\t\t\t\t\t\t\t<div class=\"elementor-element elementor-element-8f3bcf5 elementor-button-align-stretch elementor-widget elementor-widget-form\" data-id=\"8f3bcf5\" data-element_type=\"widget\" data-settings=\"{&quot;button_width&quot;:&quot;30&quot;,&quot;step_next_label&quot;:&quot;Next&quot;,&quot;step_previous_label&quot;:&quot;Previous&quot;,&quot;step_type&quot;:&quot;number_text&quot;,&quot;step_icon_shape&quot;:&quot;circle&quot;}\" data-widget_type=\"form.default\">\n\t\t\t\t<div class=\"elementor-widget-container\">\n\t\t\t\t\t<form class=\"elementor-form\" method=\"post\" name=\"New Form\">\n\t\t\t<input type=\"hidden\" name=\"post_id\" value=\"29\"\/>\n\t\t\t<input type=\"hidden\" name=\"form_id\" value=\"8f3bcf5\"\/>\n\t\t\t<input type=\"hidden\" name=\"referer_title\" value=\"\" \/>\n\n\t\t\t\n\t\t\t<div class=\"elementor-form-fields-wrapper elementor-labels-\">\n\t\t\t\t\t\t\t\t<div class=\"elementor-field-type-text elementor-field-group elementor-column elementor-field-group-name elementor-col-50\">\n\t\t\t\t\t<label for=\"form-field-name\" class=\"elementor-field-label elementor-screen-only\">Imi\u0119 i nazwisko<\/label><input size=\"1\" type=\"text\" name=\"form_fields[name]\" id=\"form-field-name\" class=\"elementor-field elementor-size-lg  elementor-field-textual\" placeholder=\"Imi\u0119 i nazwisko\">\t\t\t\t<\/div>\n\t\t\t\t\t\t\t\t<div class=\"elementor-field-type-text elementor-field-group elementor-column elementor-field-group-field_2193380 elementor-col-50\">\n\t\t\t\t\t<label for=\"form-field-field_2193380\" class=\"elementor-field-label elementor-screen-only\">Firma<\/label><input size=\"1\" type=\"text\" name=\"form_fields[field_2193380]\" id=\"form-field-field_2193380\" class=\"elementor-field elementor-size-lg  elementor-field-textual\" placeholder=\"Firma\">\t\t\t\t<\/div>\n\t\t\t\t\t\t\t\t<div class=\"elementor-field-type-email elementor-field-group elementor-column elementor-field-group-email elementor-col-50 elementor-field-required\">\n\t\t\t\t\t<label for=\"form-field-email\" class=\"elementor-field-label elementor-screen-only\">Email<\/label><input size=\"1\" type=\"email\" name=\"form_fields[email]\" id=\"form-field-email\" class=\"elementor-field elementor-size-lg  elementor-field-textual\" placeholder=\"Email\" required=\"required\" aria-required=\"true\">\t\t\t\t<\/div>\n\t\t\t\t\t\t\t\t<div class=\"elementor-field-type-tel elementor-field-group elementor-column elementor-field-group-field_7f59e05 elementor-col-50 elementor-field-required\">\n\t\t\t\t\t<label for=\"form-field-field_7f59e05\" class=\"elementor-field-label elementor-screen-only\">Telefon<\/label><input size=\"1\" type=\"tel\" name=\"form_fields[field_7f59e05]\" id=\"form-field-field_7f59e05\" class=\"elementor-field elementor-size-lg  elementor-field-textual\" placeholder=\"Telefon\" required=\"required\" aria-required=\"true\" pattern=\"[0-9()#&amp;+*-=.]+\" title=\"Only numbers and phone characters (#, -, *, etc) are accepted.\">\t\t\t\t<\/div>\n\t\t\t\t\t\t\t\t<div class=\"elementor-field-type-textarea elementor-field-group elementor-column elementor-field-group-message elementor-col-100\">\n\t\t\t\t\t<label for=\"form-field-message\" class=\"elementor-field-label elementor-screen-only\">Napisz wiadomo\u015b\u0107<\/label><textarea class=\"elementor-field-textual elementor-field  elementor-size-lg\" name=\"form_fields[message]\" id=\"form-field-message\" rows=\"4\" placeholder=\"Napisz wiadomo\u015b\u0107\"><\/textarea>\t\t\t\t<\/div>\n\t\t\t\t\t\t\t\t<div class=\"elementor-field-group elementor-column elementor-field-type-submit elementor-col-30 e-form__buttons\">\n\t\t\t\t\t<button type=\"submit\" class=\"elementor-button elementor-size-sm\">\n\t\t\t\t\t\t<span >\n\t\t\t\t\t\t\t\t\t\t\t\t\t\t\t<span class=\" elementor-button-icon\">\n\t\t\t\t\t\t\t\t\t\t\t\t\t\t\t\t\t\t\t\t\t\t\t\t\t\t<\/span>\n\t\t\t\t\t\t\t\t\t\t\t\t\t\t\t\t\t\t\t\t\t\t<span class=\"elementor-button-text\">Wy\u015blij wiadomo\u015b\u0107<\/span>\n\t\t\t\t\t\t\t\t\t\t\t\t\t<\/span>\n\t\t\t\t\t<\/button>\n\t\t\t\t<\/div>\n\t\t\t<\/div>\n\t\t<\/form>\n\t\t\t\t<\/div>\n\t\t\t\t<\/div>\n\t\t\t\t\t<\/div>\n\t\t<\/div>\n\t\t\t\t\t\t\t<\/div>\n\t\t<\/section>\n\t\t\t\t<section class=\"elementor-section elementor-top-section elementor-element elementor-element-3e4314f7 elementor-section-boxed elementor-section-height-default elementor-section-height-default\" data-id=\"3e4314f7\" data-element_type=\"section\" data-settings=\"{&quot;background_background&quot;:&quot;classic&quot;}\">\n\t\t\t\t\t\t<div class=\"elementor-container elementor-column-gap-default\">\n\t\t\t\t\t<div class=\"elementor-column elementor-col-50 elementor-top-column elementor-element elementor-element-421b8931\" data-id=\"421b8931\" data-element_type=\"column\">\n\t\t\t<div class=\"elementor-widget-wrap elementor-element-populated\">\n\t\t\t\t\t\t\t\t<div class=\"elementor-element elementor-element-6f686203 elementor-widget elementor-widget-image\" data-id=\"6f686203\" data-element_type=\"widget\" data-widget_type=\"image.default\">\n\t\t\t\t<div class=\"elementor-widget-container\">\n\t\t\t\t\t\t\t\t\t\t\t\t\t\t\t<img loading=\"lazy\" decoding=\"async\" width=\"800\" height=\"800\" src=\"https:\/\/lubmasz.dkonto.pl\/wp-content\/uploads\/2021\/08\/rzetelna.svg\" class=\"attachment-large size-large\" alt=\"\" srcset=\"https:\/\/lubmasz.dkonto.pl\/wp-content\/uploads\/\/2021\/08\/rzetelna.svg 150w, https:\/\/lubmasz.dkonto.pl\/wp-content\/uploads\/\/2021\/08\/rzetelna.svg 300w, https:\/\/lubmasz.dkonto.pl\/wp-content\/uploads\/\/2021\/08\/rzetelna.svg 1024w\" sizes=\"auto, (max-width: 800px) 100vw, 800px\" \/>\t\t\t\t\t\t\t\t\t\t\t\t\t\t\t<\/div>\n\t\t\t\t<\/div>\n\t\t\t\t\t<\/div>\n\t\t<\/div>\n\t\t\t\t<div class=\"elementor-column elementor-col-50 elementor-top-column elementor-element elementor-element-14f55e72\" data-id=\"14f55e72\" data-element_type=\"column\">\n\t\t\t<div class=\"elementor-widget-wrap elementor-element-populated\">\n\t\t\t\t\t\t\t\t<div class=\"elementor-element elementor-element-42f80adf elementor-widget elementor-widget-heading\" data-id=\"42f80adf\" data-element_type=\"widget\" data-widget_type=\"heading.default\">\n\t\t\t\t<div class=\"elementor-widget-container\">\n\t\t\t<h2 class=\"elementor-heading-title elementor-size-default\">Wiemy, \u017ce za sukcesem biznesu stoj\u0105 klienci - zadowoleni klienci!\nDlatego dbamy o wysoki standard naszych us\u0142ug, terminowo\u015b\u0107 i solidno\u015b\u0107. <\/h2>\t\t<\/div>\n\t\t\t\t<\/div>\n\t\t\t\t\t<\/div>\n\t\t<\/div>\n\t\t\t\t\t\t\t<\/div>\n\t\t<\/section>\n\t\t\t\t\t\t<\/div>\n\t\t\t\t\t<\/div>\n\t\t","protected":false},"excerpt":{"rendered":"<p>Zadzwo\u0144 lub napisz wiadomo\u015b\u0107 81 756 34 66 602 341 035 Rudnik 140, 20-258 Lublin (koniec ul. Do\u017cynkowej, Lublin) kontakt@lubmasz.pl poniedzia\u0142ek &#8211; pi\u0105tek: 08:00-17:00 Wiemy, \u017ce za sukcesem biznesu stoj\u0105 klienci &#8211; zadowoleni klienci! Dlatego dbamy o wysoki standard naszych us\u0142ug, terminowo\u015b\u0107 i solidno\u015b\u0107.<\/p>\n","protected":false},"author":1,"featured_media":0,"parent":0,"menu_order":0,"comment_status":"closed","ping_status":"closed","template":"","meta":{"footnotes":""},"class_list":["post-29","page","type-page","status-publish","hentry"],"_links":{"self":[{"href":"https:\/\/lubmasz.dkonto.pl\/index.php\/wp-json\/wp\/v2\/pages\/29","targetHints":{"allow":["GET"]}}],"collection":[{"href":"https:\/\/lubmasz.dkonto.pl\/index.php\/wp-json\/wp\/v2\/pages"}],"about":[{"href":"https:\/\/lubmasz.dkonto.pl\/index.php\/wp-json\/wp\/v2\/types\/page"}],"author":[{"embeddable":true,"href":"https:\/\/lubmasz.dkonto.pl\/index.php\/wp-json\/wp\/v2\/users\/1"}],"replies":[{"embeddable":true,"href":"https:\/\/lubmasz.dkonto.pl\/index.php\/wp-json\/wp\/v2\/comments?post=29"}],"version-history":[{"count":28,"href":"https:\/\/lubmasz.dkonto.pl\/index.php\/wp-json\/wp\/v2\/pages\/29\/revisions"}],"predecessor-version":[{"id":164,"href":"https:\/\/lubmasz.dkonto.pl\/index.php\/wp-json\/wp\/v2\/pages\/29\/revisions\/164"}],"wp:attachment":[{"href":"https:\/\/lubmasz.dkonto.pl\/index.php\/wp-json\/wp\/v2\/media?parent=29"}],"curies":[{"name":"wp","href":"https:\/\/api.w.org\/{rel}","templated":true}]}}