{"id":23,"date":"2021-08-18T22:26:38","date_gmt":"2021-08-18T20:26:38","guid":{"rendered":"http:\/\/lubmasz.dkonto.pl\/?page_id=23"},"modified":"2021-09-21T10:20:24","modified_gmt":"2021-09-21T08:20:24","slug":"o-nas","status":"publish","type":"page","link":"https:\/\/lubmasz.dkonto.pl\/index.php\/o-nas\/","title":{"rendered":"O nas"},"content":{"rendered":"\t\t<div data-elementor-type=\"wp-page\" data-elementor-id=\"23\" class=\"elementor elementor-23\" data-elementor-settings=\"[]\">\n\t\t\t\t\t\t\t<div class=\"elementor-section-wrap\">\n\t\t\t\t\t\t\t<section class=\"elementor-section elementor-top-section elementor-element elementor-element-5514c224 elementor-section-full_width elementor-section-height-default elementor-section-height-default\" data-id=\"5514c224\" data-element_type=\"section\" data-settings=\"{&quot;background_background&quot;:&quot;classic&quot;}\">\n\t\t\t\t\t\t<div class=\"elementor-container elementor-column-gap-no\">\n\t\t\t\t\t<div class=\"elementor-column elementor-col-100 elementor-top-column elementor-element elementor-element-6b0409ec\" data-id=\"6b0409ec\" data-element_type=\"column\">\n\t\t\t<div class=\"elementor-widget-wrap elementor-element-populated\">\n\t\t\t\t\t\t\t\t<div class=\"elementor-element elementor-element-3c1b8ec2 elementor-widget elementor-widget-heading\" data-id=\"3c1b8ec2\" data-element_type=\"widget\" data-widget_type=\"heading.default\">\n\t\t\t\t<div class=\"elementor-widget-container\">\n\t\t\t<h2 class=\"elementor-heading-title elementor-size-default\">O nas<\/h2>\t\t<\/div>\n\t\t\t\t<\/div>\n\t\t\t\t<div class=\"elementor-element elementor-element-1f3e8312 elementor-widget elementor-widget-heading\" data-id=\"1f3e8312\" data-element_type=\"widget\" data-widget_type=\"heading.default\">\n\t\t\t\t<div class=\"elementor-widget-container\">\n\t\t\t<h2 class=\"elementor-heading-title elementor-size-default\">Jaki\u015b kr\u00f3tki opis<\/h2>\t\t<\/div>\n\t\t\t\t<\/div>\n\t\t\t\t\t<\/div>\n\t\t<\/div>\n\t\t\t\t\t\t\t<\/div>\n\t\t<\/section>\n\t\t\t\t<section class=\"elementor-section elementor-top-section elementor-element elementor-element-fdd460c elementor-reverse-mobile elementor-section-boxed elementor-section-height-default elementor-section-height-default\" data-id=\"fdd460c\" data-element_type=\"section\">\n\t\t\t\t\t\t<div class=\"elementor-container elementor-column-gap-default\">\n\t\t\t\t\t<div class=\"elementor-column elementor-col-50 elementor-top-column elementor-element elementor-element-9f3110b\" data-id=\"9f3110b\" data-element_type=\"column\">\n\t\t\t<div class=\"elementor-widget-wrap elementor-element-populated\">\n\t\t\t\t\t\t\t\t<div class=\"elementor-element elementor-element-6ba6e40 elementor-widget elementor-widget-heading\" data-id=\"6ba6e40\" data-element_type=\"widget\" data-widget_type=\"heading.default\">\n\t\t\t\t<div class=\"elementor-widget-container\">\n\t\t\t<h2 class=\"elementor-heading-title elementor-size-default\">Lubmasz<\/h2>\t\t<\/div>\n\t\t\t\t<\/div>\n\t\t\t\t<div class=\"elementor-element elementor-element-1133a71 elementor-widget elementor-widget-text-editor\" data-id=\"1133a71\" data-element_type=\"widget\" data-widget_type=\"text-editor.default\">\n\t\t\t\t<div class=\"elementor-widget-container\">\n\t\t\t\t\t\t\t<p>Pocz\u0105tki dzia\u0142alno\u015bci firmy LUBMASZ si\u0119gaj\u0105 2004 roku, kiedy rozpocz\u0119li\u015bmy \u015bwiadczenie us\u0142ug w zakresie naprawy si\u0142ownik\u00f3w, pomp i silnik\u00f3w hydraulicznych. Stopniowo poszerzali\u015bmy zaplecze techniczne, zaopatruj\u0105c si\u0119 w specjalistyczne narz\u0119dzia i maszyny.<\/p>\t\t\t\t\t\t<\/div>\n\t\t\t\t<\/div>\n\t\t\t\t\t<\/div>\n\t\t<\/div>\n\t\t\t\t<div class=\"elementor-column elementor-col-50 elementor-top-column elementor-element elementor-element-43cd3dc\" data-id=\"43cd3dc\" data-element_type=\"column\" data-settings=\"{&quot;background_background&quot;:&quot;classic&quot;}\">\n\t\t\t<div class=\"elementor-widget-wrap elementor-element-populated\">\n\t\t\t\t\t\t\t\t<div class=\"elementor-element elementor-element-992e5f6 elementor-widget elementor-widget-image\" data-id=\"992e5f6\" data-element_type=\"widget\" data-widget_type=\"image.default\">\n\t\t\t\t<div class=\"elementor-widget-container\">\n\t\t\t\t\t\t\t\t\t\t\t\t\t\t\t<img loading=\"lazy\" decoding=\"async\" width=\"698\" height=\"588\" src=\"https:\/\/lubmasz.dkonto.pl\/wp-content\/uploads\/2021\/08\/koparka.png\" class=\"attachment-large size-large\" alt=\"\" srcset=\"https:\/\/lubmasz.dkonto.pl\/wp-content\/uploads\/2021\/08\/koparka.png 698w, https:\/\/lubmasz.dkonto.pl\/wp-content\/uploads\/2021\/08\/koparka-300x253.png 300w\" sizes=\"auto, (max-width: 698px) 100vw, 698px\" \/>\t\t\t\t\t\t\t\t\t\t\t\t\t\t\t<\/div>\n\t\t\t\t<\/div>\n\t\t\t\t\t<\/div>\n\t\t<\/div>\n\t\t\t\t\t\t\t<\/div>\n\t\t<\/section>\n\t\t\t\t<section class=\"elementor-section elementor-top-section elementor-element elementor-element-76ebe04 elementor-section-boxed elementor-section-height-default elementor-section-height-default\" data-id=\"76ebe04\" data-element_type=\"section\" data-settings=\"{&quot;background_background&quot;:&quot;classic&quot;}\">\n\t\t\t\t\t\t<div class=\"elementor-container elementor-column-gap-default\">\n\t\t\t\t\t<div class=\"elementor-column elementor-col-100 elementor-top-column elementor-element elementor-element-18b3a8c\" data-id=\"18b3a8c\" data-element_type=\"column\" data-settings=\"{&quot;background_background&quot;:&quot;classic&quot;}\">\n\t\t\t<div class=\"elementor-widget-wrap elementor-element-populated\">\n\t\t\t\t\t\t\t\t<section class=\"elementor-section elementor-inner-section elementor-element elementor-element-19249f4 elementor-section-boxed elementor-section-height-default elementor-section-height-default\" data-id=\"19249f4\" data-element_type=\"section\">\n\t\t\t\t\t\t<div class=\"elementor-container elementor-column-gap-default\">\n\t\t\t\t\t<div class=\"elementor-column elementor-col-50 elementor-inner-column elementor-element elementor-element-5b45248\" data-id=\"5b45248\" data-element_type=\"column\">\n\t\t\t<div class=\"elementor-widget-wrap elementor-element-populated\">\n\t\t\t\t\t\t\t\t<div class=\"elementor-element elementor-element-09b6364 elementor-widget elementor-widget-heading\" data-id=\"09b6364\" data-element_type=\"widget\" data-widget_type=\"heading.default\">\n\t\t\t\t<div class=\"elementor-widget-container\">\n\t\t\t<h2 class=\"elementor-heading-title elementor-size-default\">Naprawa i regeneracja podzespo\u0142\u00f3w i element\u00f3w hydrauliki si\u0142owej<\/h2>\t\t<\/div>\n\t\t\t\t<\/div>\n\t\t\t\t<div class=\"elementor-element elementor-element-72e90f5 elementor-widget elementor-widget-text-editor\" data-id=\"72e90f5\" data-element_type=\"widget\" data-widget_type=\"text-editor.default\">\n\t\t\t\t<div class=\"elementor-widget-container\">\n\t\t\t\t\t\t\t<p>Lorem ipsum dolor sit amet, consectetur adipiscing elit. Ut elit tellus, luctus nec ullamcorper mattis, pulvinar dapibus leo.<\/p>\t\t\t\t\t\t<\/div>\n\t\t\t\t<\/div>\n\t\t\t\t\t<\/div>\n\t\t<\/div>\n\t\t\t\t<div class=\"elementor-column elementor-col-50 elementor-inner-column elementor-element elementor-element-d4cf3ea\" data-id=\"d4cf3ea\" data-element_type=\"column\">\n\t\t\t<div class=\"elementor-widget-wrap elementor-element-populated\">\n\t\t\t\t\t\t\t\t<div class=\"elementor-element elementor-element-f109d2f elementor-widget elementor-widget-heading\" data-id=\"f109d2f\" data-element_type=\"widget\" data-widget_type=\"heading.default\">\n\t\t\t\t<div class=\"elementor-widget-container\">\n\t\t\t<h2 class=\"elementor-heading-title elementor-size-default\">Tulejowanie otwor\u00f3w ramion i wysi\u0119gnik\u00f3w<\/h2>\t\t<\/div>\n\t\t\t\t<\/div>\n\t\t\t\t<div class=\"elementor-element elementor-element-8f8b88a elementor-widget elementor-widget-text-editor\" data-id=\"8f8b88a\" data-element_type=\"widget\" data-widget_type=\"text-editor.default\">\n\t\t\t\t<div class=\"elementor-widget-container\">\n\t\t\t\t\t\t\t<p>Lorem ipsum dolor sit amet, consectetur adipiscing elit. Ut elit tellus, luctus nec ullamcorper mattis, pulvinar dapibus leo.<\/p>\t\t\t\t\t\t<\/div>\n\t\t\t\t<\/div>\n\t\t\t\t\t<\/div>\n\t\t<\/div>\n\t\t\t\t\t\t\t<\/div>\n\t\t<\/section>\n\t\t\t\t<section class=\"elementor-section elementor-inner-section elementor-element elementor-element-2aa0a01 elementor-section-boxed elementor-section-height-default elementor-section-height-default\" data-id=\"2aa0a01\" data-element_type=\"section\">\n\t\t\t\t\t\t<div class=\"elementor-container elementor-column-gap-default\">\n\t\t\t\t\t<div class=\"elementor-column elementor-col-50 elementor-inner-column elementor-element elementor-element-0197393\" data-id=\"0197393\" data-element_type=\"column\">\n\t\t\t<div class=\"elementor-widget-wrap elementor-element-populated\">\n\t\t\t\t\t\t\t\t<div class=\"elementor-element elementor-element-7544a9d elementor-widget elementor-widget-heading\" data-id=\"7544a9d\" data-element_type=\"widget\" data-widget_type=\"heading.default\">\n\t\t\t\t<div class=\"elementor-widget-container\">\n\t\t\t<h2 class=\"elementor-heading-title elementor-size-default\">Regeneracja z\u0119batych pomp hydraulicznych<\/h2>\t\t<\/div>\n\t\t\t\t<\/div>\n\t\t\t\t<div class=\"elementor-element elementor-element-d4beb56 elementor-widget elementor-widget-text-editor\" data-id=\"d4beb56\" data-element_type=\"widget\" data-widget_type=\"text-editor.default\">\n\t\t\t\t<div class=\"elementor-widget-container\">\n\t\t\t\t\t\t\t<p>Lorem ipsum dolor sit amet, consectetur adipiscing elit. Ut elit tellus, luctus nec ullamcorper mattis, pulvinar dapibus leo.<\/p>\t\t\t\t\t\t<\/div>\n\t\t\t\t<\/div>\n\t\t\t\t\t<\/div>\n\t\t<\/div>\n\t\t\t\t<div class=\"elementor-column elementor-col-50 elementor-inner-column elementor-element elementor-element-4f45040\" data-id=\"4f45040\" data-element_type=\"column\">\n\t\t\t<div class=\"elementor-widget-wrap elementor-element-populated\">\n\t\t\t\t\t\t\t\t<div class=\"elementor-element elementor-element-dc08253 elementor-widget elementor-widget-heading\" data-id=\"dc08253\" data-element_type=\"widget\" data-widget_type=\"heading.default\">\n\t\t\t\t<div class=\"elementor-widget-container\">\n\t\t\t<h2 class=\"elementor-heading-title elementor-size-default\">Wykonywanie us\u0142ug niestandardowych, serwisowanie<\/h2>\t\t<\/div>\n\t\t\t\t<\/div>\n\t\t\t\t<div class=\"elementor-element elementor-element-932551e elementor-widget elementor-widget-text-editor\" data-id=\"932551e\" data-element_type=\"widget\" data-widget_type=\"text-editor.default\">\n\t\t\t\t<div class=\"elementor-widget-container\">\n\t\t\t\t\t\t\t<p>Lorem ipsum dolor sit amet, consectetur adipiscing elit. Ut elit tellus, luctus nec ullamcorper mattis, pulvinar dapibus leo.<\/p>\t\t\t\t\t\t<\/div>\n\t\t\t\t<\/div>\n\t\t\t\t\t<\/div>\n\t\t<\/div>\n\t\t\t\t\t\t\t<\/div>\n\t\t<\/section>\n\t\t\t\t\t<\/div>\n\t\t<\/div>\n\t\t\t\t\t\t\t<\/div>\n\t\t<\/section>\n\t\t\t\t<section class=\"elementor-section elementor-top-section elementor-element elementor-element-58f5ad6 elementor-section-boxed elementor-section-height-default elementor-section-height-default\" data-id=\"58f5ad6\" data-element_type=\"section\">\n\t\t\t\t\t\t<div class=\"elementor-container elementor-column-gap-default\">\n\t\t\t\t\t<div class=\"elementor-column elementor-col-50 elementor-top-column elementor-element elementor-element-e914dd8\" data-id=\"e914dd8\" data-element_type=\"column\">\n\t\t\t<div class=\"elementor-widget-wrap elementor-element-populated\">\n\t\t\t\t\t\t\t\t<div class=\"elementor-element elementor-element-a83e656 elementor-widget elementor-widget-heading\" data-id=\"a83e656\" data-element_type=\"widget\" data-widget_type=\"heading.default\">\n\t\t\t\t<div class=\"elementor-widget-container\">\n\t\t\t<h2 class=\"elementor-heading-title elementor-size-default\">Historia<\/h2>\t\t<\/div>\n\t\t\t\t<\/div>\n\t\t\t\t<div class=\"elementor-element elementor-element-839eb47 elementor-widget elementor-widget-heading\" data-id=\"839eb47\" data-element_type=\"widget\" data-widget_type=\"heading.default\">\n\t\t\t\t<div class=\"elementor-widget-container\">\n\t\t\t<h2 class=\"elementor-heading-title elementor-size-default\">firmy<\/h2>\t\t<\/div>\n\t\t\t\t<\/div>\n\t\t\t\t<div class=\"elementor-element elementor-element-23b5011 elementor-widget elementor-widget-text-editor\" data-id=\"23b5011\" data-element_type=\"widget\" data-widget_type=\"text-editor.default\">\n\t\t\t\t<div class=\"elementor-widget-container\">\n\t\t\t\t\t\t\t<p>Pocz\u0105tki dzia\u0142alno\u015bci firmy LUBMASZ si\u0119gaj\u0105 2004 roku, kiedy rozpocz\u0119li\u015bmy \u015bwiadczenie us\u0142ug w zakresie naprawy si\u0142ownik\u00f3w, pomp i silnik\u00f3w hydraulicznych. Stopniowo poszerzali\u015bmy zaplecze techniczne, zaopatruj\u0105c si\u0119 w specjalistyczne narz\u0119dzia i maszyny. R\u00f3wnocze\u015bnie skoncentrowali\u015bmy si\u0119 na podnoszeniu w\u0142asnych kwalifikacji, a tak\u017ce wzbogacili\u015bmy zesp\u00f3\u0142 o najlepszych specjalist\u00f3w w dziedzinie hydrauliki si\u0142owej. W 2014 roku firma LUBMASZ zyska\u0142a now\u0105 ods\u0142on\u0119 \u2013 skomplikowana hydraulika si\u0142owa sta\u0142a si\u0119 nasz\u0105 specjalno\u015bci\u0105, poszerzyli\u015bmy dzia\u0142alno\u015b\u0107 r\u00f3wnie\u017c o us\u0142ugi mechaniczne oraz naprawy uk\u0142ad\u00f3w elektrycznych i elektronicznych. Z czasem stali\u015bmy si\u0119 ekspertami w dziedzinie kompleksowych napraw ci\u0119\u017ckiego sprz\u0119tu: budowlanego, drogowego i rolniczego, a tak\u017ce maszyn roboczych oraz samochod\u00f3w i urz\u0105dze\u0144 specjalnych stosowanych w bran\u017cy budowlanej, przemys\u0142owej i spo\u017cywczej.<\/p>\t\t\t\t\t\t<\/div>\n\t\t\t\t<\/div>\n\t\t\t\t\t<\/div>\n\t\t<\/div>\n\t\t\t\t<div class=\"elementor-column elementor-col-50 elementor-top-column elementor-element elementor-element-356df8e\" data-id=\"356df8e\" data-element_type=\"column\" data-settings=\"{&quot;background_background&quot;:&quot;classic&quot;}\">\n\t\t\t<div class=\"elementor-widget-wrap\">\n\t\t\t\t\t\t\t\t\t<\/div>\n\t\t<\/div>\n\t\t\t\t\t\t\t<\/div>\n\t\t<\/section>\n\t\t\t\t<section class=\"elementor-section elementor-top-section elementor-element elementor-element-fc002d5 elementor-section-boxed elementor-section-height-default elementor-section-height-default\" data-id=\"fc002d5\" data-element_type=\"section\" data-settings=\"{&quot;background_background&quot;:&quot;classic&quot;}\">\n\t\t\t\t\t\t<div class=\"elementor-container elementor-column-gap-default\">\n\t\t\t\t\t<div class=\"elementor-column elementor-col-50 elementor-top-column elementor-element elementor-element-789a5eb\" data-id=\"789a5eb\" data-element_type=\"column\" data-settings=\"{&quot;background_background&quot;:&quot;classic&quot;}\">\n\t\t\t<div class=\"elementor-widget-wrap\">\n\t\t\t\t\t\t\t\t\t<\/div>\n\t\t<\/div>\n\t\t\t\t<div class=\"elementor-column elementor-col-50 elementor-top-column elementor-element elementor-element-4407ccb\" data-id=\"4407ccb\" data-element_type=\"column\">\n\t\t\t<div class=\"elementor-widget-wrap elementor-element-populated\">\n\t\t\t\t\t\t\t\t<div class=\"elementor-element elementor-element-45377e5 elementor-widget elementor-widget-heading\" data-id=\"45377e5\" data-element_type=\"widget\" data-widget_type=\"heading.default\">\n\t\t\t\t<div class=\"elementor-widget-container\">\n\t\t\t<h2 class=\"elementor-heading-title elementor-size-default\">Ludzie<\/h2>\t\t<\/div>\n\t\t\t\t<\/div>\n\t\t\t\t<div class=\"elementor-element elementor-element-2cae120 elementor-widget elementor-widget-heading\" data-id=\"2cae120\" data-element_type=\"widget\" data-widget_type=\"heading.default\">\n\t\t\t\t<div class=\"elementor-widget-container\">\n\t\t\t<h2 class=\"elementor-heading-title elementor-size-default\">z pasj\u0105<\/h2>\t\t<\/div>\n\t\t\t\t<\/div>\n\t\t\t\t<div class=\"elementor-element elementor-element-d2615ae elementor-widget elementor-widget-text-editor\" data-id=\"d2615ae\" data-element_type=\"widget\" data-widget_type=\"text-editor.default\">\n\t\t\t\t<div class=\"elementor-widget-container\">\n\t\t\t\t\t\t\t<p>Pocz\u0105tki dzia\u0142alno\u015bci firmy LUBMASZ si\u0119gaj\u0105 2004 roku, kiedy rozpocz\u0119li\u015bmy \u015bwiadczenie us\u0142ug w zakresie naprawy si\u0142ownik\u00f3w, pomp i silnik\u00f3w hydraulicznych. Stopniowo poszerzali\u015bmy zaplecze techniczne, zaopatruj\u0105c si\u0119 w specjalistyczne narz\u0119dzia i maszyny. R\u00f3wnocze\u015bnie skoncentrowali\u015bmy si\u0119 na podnoszeniu w\u0142asnych kwalifikacji, a tak\u017ce wzbogacili\u015bmy zesp\u00f3\u0142 o najlepszych specjalist\u00f3w w dziedzinie hydrauliki si\u0142owej. W 2014 roku firma LUBMASZ zyska\u0142a now\u0105 ods\u0142on\u0119 \u2013 skomplikowana hydraulika si\u0142owa sta\u0142a si\u0119 nasz\u0105 specjalno\u015bci\u0105, poszerzyli\u015bmy dzia\u0142alno\u015b\u0107 r\u00f3wnie\u017c o us\u0142ugi mechaniczne oraz naprawy uk\u0142ad\u00f3w elektrycznych i elektronicznych. Z czasem stali\u015bmy si\u0119 ekspertami w dziedzinie kompleksowych napraw ci\u0119\u017ckiego sprz\u0119tu: budowlanego, drogowego i rolniczego, a tak\u017ce maszyn roboczych oraz samochod\u00f3w i urz\u0105dze\u0144 specjalnych stosowanych w bran\u017cy budowlanej, przemys\u0142owej i spo\u017cywczej.<\/p>\t\t\t\t\t\t<\/div>\n\t\t\t\t<\/div>\n\t\t\t\t\t<\/div>\n\t\t<\/div>\n\t\t\t\t\t\t\t<\/div>\n\t\t<\/section>\n\t\t\t\t<section class=\"elementor-section elementor-top-section elementor-element elementor-element-e4449d6 elementor-section-boxed elementor-section-height-default elementor-section-height-default\" data-id=\"e4449d6\" data-element_type=\"section\">\n\t\t\t\t\t\t<div class=\"elementor-container elementor-column-gap-default\">\n\t\t\t\t\t<div class=\"elementor-column elementor-col-50 elementor-top-column elementor-element elementor-element-9e64dc7\" data-id=\"9e64dc7\" data-element_type=\"column\">\n\t\t\t<div class=\"elementor-widget-wrap elementor-element-populated\">\n\t\t\t\t\t\t\t\t<div class=\"elementor-element elementor-element-28db466 elementor-widget elementor-widget-heading\" data-id=\"28db466\" data-element_type=\"widget\" data-widget_type=\"heading.default\">\n\t\t\t\t<div class=\"elementor-widget-container\">\n\t\t\t<h2 class=\"elementor-heading-title elementor-size-default\">Miejsce<\/h2>\t\t<\/div>\n\t\t\t\t<\/div>\n\t\t\t\t<div class=\"elementor-element elementor-element-b5d5ae0 elementor-widget elementor-widget-text-editor\" data-id=\"b5d5ae0\" data-element_type=\"widget\" data-widget_type=\"text-editor.default\">\n\t\t\t\t<div class=\"elementor-widget-container\">\n\t\t\t\t\t\t\t<p>Pocz\u0105tki dzia\u0142alno\u015bci firmy LUBMASZ si\u0119gaj\u0105 2004 roku, kiedy rozpocz\u0119li\u015bmy \u015bwiadczenie us\u0142ug w zakresie naprawy si\u0142ownik\u00f3w, pomp i silnik\u00f3w hydraulicznych. Stopniowo poszerzali\u015bmy zaplecze techniczne, zaopatruj\u0105c si\u0119 w specjalistyczne narz\u0119dzia i maszyny. R\u00f3wnocze\u015bnie skoncentrowali\u015bmy si\u0119 na podnoszeniu w\u0142asnych kwalifikacji, a tak\u017ce wzbogacili\u015bmy zesp\u00f3\u0142 o najlepszych specjalist\u00f3w w dziedzinie hydrauliki si\u0142owej. W 2014 roku firma LUBMASZ zyska\u0142a now\u0105 ods\u0142on\u0119 \u2013 skomplikowana hydraulika si\u0142owa sta\u0142a si\u0119 nasz\u0105 specjalno\u015bci\u0105, poszerzyli\u015bmy dzia\u0142alno\u015b\u0107 r\u00f3wnie\u017c o us\u0142ugi mechaniczne oraz naprawy uk\u0142ad\u00f3w elektrycznych i elektronicznych. Z czasem stali\u015bmy si\u0119 ekspertami w dziedzinie kompleksowych napraw ci\u0119\u017ckiego sprz\u0119tu: budowlanego, drogowego i rolniczego, a tak\u017ce maszyn roboczych oraz samochod\u00f3w i urz\u0105dze\u0144 specjalnych stosowanych w bran\u017cy budowlanej, przemys\u0142owej i spo\u017cywczej.<\/p>\t\t\t\t\t\t<\/div>\n\t\t\t\t<\/div>\n\t\t\t\t\t<\/div>\n\t\t<\/div>\n\t\t\t\t<div class=\"elementor-column elementor-col-50 elementor-top-column elementor-element elementor-element-6024222\" data-id=\"6024222\" data-element_type=\"column\" data-settings=\"{&quot;background_background&quot;:&quot;classic&quot;}\">\n\t\t\t<div class=\"elementor-widget-wrap\">\n\t\t\t\t\t\t\t\t\t<\/div>\n\t\t<\/div>\n\t\t\t\t\t\t\t<\/div>\n\t\t<\/section>\n\t\t\t\t\t\t<\/div>\n\t\t\t\t\t<\/div>\n\t\t","protected":false},"excerpt":{"rendered":"<p>O nas Jaki\u015b kr\u00f3tki opis Lubmasz Pocz\u0105tki dzia\u0142alno\u015bci firmy LUBMASZ si\u0119gaj\u0105 2004 roku, kiedy rozpocz\u0119li\u015bmy \u015bwiadczenie us\u0142ug w zakresie naprawy si\u0142ownik\u00f3w, pomp i silnik\u00f3w hydraulicznych. Stopniowo poszerzali\u015bmy zaplecze techniczne, zaopatruj\u0105c si\u0119 w specjalistyczne narz\u0119dzia i maszyny. Naprawa i regeneracja podzespo\u0142\u00f3w i element\u00f3w hydrauliki si\u0142owej Lorem ipsum dolor sit amet, consectetur adipiscing elit. Ut elit tellus, [&hellip;]<\/p>\n","protected":false},"author":1,"featured_media":0,"parent":0,"menu_order":0,"comment_status":"closed","ping_status":"closed","template":"","meta":{"footnotes":""},"class_list":["post-23","page","type-page","status-publish","hentry"],"_links":{"self":[{"href":"https:\/\/lubmasz.dkonto.pl\/index.php\/wp-json\/wp\/v2\/pages\/23","targetHints":{"allow":["GET"]}}],"collection":[{"href":"https:\/\/lubmasz.dkonto.pl\/index.php\/wp-json\/wp\/v2\/pages"}],"about":[{"href":"https:\/\/lubmasz.dkonto.pl\/index.php\/wp-json\/wp\/v2\/types\/page"}],"author":[{"embeddable":true,"href":"https:\/\/lubmasz.dkonto.pl\/index.php\/wp-json\/wp\/v2\/users\/1"}],"replies":[{"embeddable":true,"href":"https:\/\/lubmasz.dkonto.pl\/index.php\/wp-json\/wp\/v2\/comments?post=23"}],"version-history":[{"count":22,"href":"https:\/\/lubmasz.dkonto.pl\/index.php\/wp-json\/wp\/v2\/pages\/23\/revisions"}],"predecessor-version":[{"id":385,"href":"https:\/\/lubmasz.dkonto.pl\/index.php\/wp-json\/wp\/v2\/pages\/23\/revisions\/385"}],"wp:attachment":[{"href":"https:\/\/lubmasz.dkonto.pl\/index.php\/wp-json\/wp\/v2\/media?parent=23"}],"curies":[{"name":"wp","href":"https:\/\/api.w.org\/{rel}","templated":true}]}}