{"id":258,"date":"2021-09-06T17:52:23","date_gmt":"2021-09-06T15:52:23","guid":{"rendered":"http:\/\/lubmasz.dkonto.pl\/?page_id=258"},"modified":"2021-09-14T18:17:11","modified_gmt":"2021-09-14T16:17:11","slug":"naprawa-zebatych-pomp-i-silnikow-hydraulicznych","status":"publish","type":"page","link":"http:\/\/lubmasz.dkonto.pl\/index.php\/oferta\/hydraulika-silowa\/naprawa-zebatych-pomp-i-silnikow-hydraulicznych\/","title":{"rendered":"Naprawa z\u0119batych pomp i silnik\u00f3w hydraulicznych"},"content":{"rendered":"\t\t<div data-elementor-type=\"wp-page\" data-elementor-id=\"258\" class=\"elementor elementor-258\" data-elementor-settings=\"[]\">\n\t\t\t\t\t\t\t<div class=\"elementor-section-wrap\">\n\t\t\t\t\t\t\t<section class=\"elementor-section elementor-top-section elementor-element elementor-element-a98e38e elementor-section-full_width elementor-section-height-default elementor-section-height-default\" data-id=\"a98e38e\" data-element_type=\"section\" data-settings=\"{&quot;background_background&quot;:&quot;classic&quot;}\">\n\t\t\t\t\t\t<div class=\"elementor-container elementor-column-gap-no\">\n\t\t\t\t\t<div class=\"elementor-column elementor-col-100 elementor-top-column elementor-element elementor-element-16bc4cc4\" data-id=\"16bc4cc4\" data-element_type=\"column\">\n\t\t\t<div class=\"elementor-widget-wrap elementor-element-populated\">\n\t\t\t\t\t\t\t\t<div class=\"elementor-element elementor-element-763f79d3 elementor-widget elementor-widget-heading\" data-id=\"763f79d3\" data-element_type=\"widget\" data-widget_type=\"heading.default\">\n\t\t\t\t<div class=\"elementor-widget-container\">\n\t\t\t<h2 class=\"elementor-heading-title elementor-size-default\">Naprawa z\u0119batych pomp \ni silnik\u00f3w hydraulicznych<\/h2>\t\t<\/div>\n\t\t\t\t<\/div>\n\t\t\t\t<div class=\"elementor-element elementor-element-544a2446 elementor-widget elementor-widget-heading\" data-id=\"544a2446\" data-element_type=\"widget\" data-widget_type=\"heading.default\">\n\t\t\t\t<div class=\"elementor-widget-container\">\n\t\t\t<h2 class=\"elementor-heading-title elementor-size-default\">Jaki\u015b kr\u00f3tki opis<\/h2>\t\t<\/div>\n\t\t\t\t<\/div>\n\t\t\t\t\t<\/div>\n\t\t<\/div>\n\t\t\t\t\t\t\t<\/div>\n\t\t<\/section>\n\t\t\t\t<section class=\"elementor-section elementor-top-section elementor-element elementor-element-6c1f7ebb elementor-section-boxed elementor-section-height-default elementor-section-height-default\" data-id=\"6c1f7ebb\" data-element_type=\"section\">\n\t\t\t\t\t\t<div class=\"elementor-container elementor-column-gap-default\">\n\t\t\t\t\t<div class=\"elementor-column elementor-col-33 elementor-top-column elementor-element elementor-element-385df59b sticky-parent\" data-id=\"385df59b\" data-element_type=\"column\" data-settings=\"{&quot;background_background&quot;:&quot;classic&quot;}\">\n\t\t\t<div class=\"elementor-widget-wrap elementor-element-populated\">\n\t\t\t\t\t\t\t\t<section class=\"elementor-section elementor-inner-section elementor-element elementor-element-5919a7c sticky-column elementor-section-boxed elementor-section-height-default elementor-section-height-default\" data-id=\"5919a7c\" data-element_type=\"section\" data-settings=\"{&quot;background_background&quot;:&quot;classic&quot;}\">\n\t\t\t\t\t\t<div class=\"elementor-container elementor-column-gap-no\">\n\t\t\t\t\t<div class=\"elementor-column elementor-col-100 elementor-inner-column elementor-element elementor-element-8d3318e\" data-id=\"8d3318e\" data-element_type=\"column\">\n\t\t\t<div class=\"elementor-widget-wrap elementor-element-populated\">\n\t\t\t\t\t\t\t\t<div class=\"elementor-element elementor-element-f329175 elementor-widget elementor-widget-heading\" data-id=\"f329175\" data-element_type=\"widget\" data-widget_type=\"heading.default\">\n\t\t\t\t<div class=\"elementor-widget-container\">\n\t\t\t<h2 class=\"elementor-heading-title elementor-size-default\">Co robimy?<\/h2>\t\t<\/div>\n\t\t\t\t<\/div>\n\t\t\t\t<div class=\"elementor-element elementor-element-8aa7c5d elementor-widget elementor-widget-heading\" data-id=\"8aa7c5d\" data-element_type=\"widget\" data-widget_type=\"heading.default\">\n\t\t\t\t<div class=\"elementor-widget-container\">\n\t\t\t<h2 class=\"elementor-heading-title elementor-size-default\">Naprawa silnik\u00f3w hydraulicznych<\/h2>\t\t<\/div>\n\t\t\t\t<\/div>\n\t\t\t\t<div class=\"elementor-element elementor-element-32d59da elementor-widget-divider--view-line elementor-widget elementor-widget-divider\" data-id=\"32d59da\" data-element_type=\"widget\" data-widget_type=\"divider.default\">\n\t\t\t\t<div class=\"elementor-widget-container\">\n\t\t\t\t\t<div class=\"elementor-divider\">\n\t\t\t<span class=\"elementor-divider-separator\">\n\t\t\t\t\t\t<\/span>\n\t\t<\/div>\n\t\t\t\t<\/div>\n\t\t\t\t<\/div>\n\t\t\t\t<div class=\"elementor-element elementor-element-8d016a2 elementor-widget elementor-widget-heading\" data-id=\"8d016a2\" data-element_type=\"widget\" data-widget_type=\"heading.default\">\n\t\t\t\t<div class=\"elementor-widget-container\">\n\t\t\t<h2 class=\"elementor-heading-title elementor-size-default\">Naprawa pomp hydraulicznych<\/h2>\t\t<\/div>\n\t\t\t\t<\/div>\n\t\t\t\t<div class=\"elementor-element elementor-element-ec78144 elementor-widget-divider--view-line elementor-widget elementor-widget-divider\" data-id=\"ec78144\" data-element_type=\"widget\" data-widget_type=\"divider.default\">\n\t\t\t\t<div class=\"elementor-widget-container\">\n\t\t\t\t\t<div class=\"elementor-divider\">\n\t\t\t<span class=\"elementor-divider-separator\">\n\t\t\t\t\t\t<\/span>\n\t\t<\/div>\n\t\t\t\t<\/div>\n\t\t\t\t<\/div>\n\t\t\t\t<div class=\"elementor-element elementor-element-430051b elementor-widget elementor-widget-heading\" data-id=\"430051b\" data-element_type=\"widget\" data-widget_type=\"heading.default\">\n\t\t\t\t<div class=\"elementor-widget-container\">\n\t\t\t<h2 class=\"elementor-heading-title elementor-size-default\">Naprawa si\u0142ownik\u00f3w hydraulicznych<\/h2>\t\t<\/div>\n\t\t\t\t<\/div>\n\t\t\t\t<div class=\"elementor-element elementor-element-ff5c41b elementor-widget-divider--view-line elementor-widget elementor-widget-divider\" data-id=\"ff5c41b\" data-element_type=\"widget\" data-widget_type=\"divider.default\">\n\t\t\t\t<div class=\"elementor-widget-container\">\n\t\t\t\t\t<div class=\"elementor-divider\">\n\t\t\t<span class=\"elementor-divider-separator\">\n\t\t\t\t\t\t<\/span>\n\t\t<\/div>\n\t\t\t\t<\/div>\n\t\t\t\t<\/div>\n\t\t\t\t<div class=\"elementor-element elementor-element-ca38b52 elementor-widget elementor-widget-heading\" data-id=\"ca38b52\" data-element_type=\"widget\" data-widget_type=\"heading.default\">\n\t\t\t\t<div class=\"elementor-widget-container\">\n\t\t\t<h2 class=\"elementor-heading-title elementor-size-default\">Naprawa z\u0119batych pomp \ni silnik\u00f3w hydraulicznych<\/h2>\t\t<\/div>\n\t\t\t\t<\/div>\n\t\t\t\t\t<\/div>\n\t\t<\/div>\n\t\t\t\t\t\t\t<\/div>\n\t\t<\/section>\n\t\t\t\t\t<\/div>\n\t\t<\/div>\n\t\t\t\t<div class=\"elementor-column elementor-col-66 elementor-top-column elementor-element elementor-element-39904a4f\" data-id=\"39904a4f\" data-element_type=\"column\">\n\t\t\t<div class=\"elementor-widget-wrap elementor-element-populated\">\n\t\t\t\t\t\t\t\t<div class=\"elementor-element elementor-element-1299062b elementor-widget elementor-widget-heading\" data-id=\"1299062b\" data-element_type=\"widget\" data-widget_type=\"heading.default\">\n\t\t\t\t<div class=\"elementor-widget-container\">\n\t\t\t<h2 class=\"elementor-heading-title elementor-size-default\">Jak dzia\u0142aj\u0105<\/h2>\t\t<\/div>\n\t\t\t\t<\/div>\n\t\t\t\t<div class=\"elementor-element elementor-element-204a2106 elementor-widget elementor-widget-heading\" data-id=\"204a2106\" data-element_type=\"widget\" data-widget_type=\"heading.default\">\n\t\t\t\t<div class=\"elementor-widget-container\">\n\t\t\t<h2 class=\"elementor-heading-title elementor-size-default\">z\u0119bate pompy i silniki hydrauliczne?<\/h2>\t\t<\/div>\n\t\t\t\t<\/div>\n\t\t\t\t<div class=\"elementor-element elementor-element-5b42e0fd elementor-widget elementor-widget-text-editor\" data-id=\"5b42e0fd\" data-element_type=\"widget\" data-widget_type=\"text-editor.default\">\n\t\t\t\t<div class=\"elementor-widget-container\">\n\t\t\t\t\t\t\t<p>Z\u0119bate pompy i silniki hydrauliczne spe\u0142niaj\u0105 te same funkcje, co pompy i silniki hydrauliczne t\u0142okowe \u2013 r\u00f3\u017cni\u0105 si\u0119 od nich przede wszystkim budow\u0105. Podobnie jak elementy t\u0142okowe, maj\u0105 bardzo szerokie zastosowanie w maszynach roboczych.\u00a0<\/p>\t\t\t\t\t\t<\/div>\n\t\t\t\t<\/div>\n\t\t\t\t<div class=\"elementor-element elementor-element-19b4e8d1 elementor-widget elementor-widget-heading\" data-id=\"19b4e8d1\" data-element_type=\"widget\" data-widget_type=\"heading.default\">\n\t\t\t\t<div class=\"elementor-widget-container\">\n\t\t\t<h2 class=\"elementor-heading-title elementor-size-default\">Jak naprawiamy<\/h2>\t\t<\/div>\n\t\t\t\t<\/div>\n\t\t\t\t<div class=\"elementor-element elementor-element-48143afc elementor-widget elementor-widget-heading\" data-id=\"48143afc\" data-element_type=\"widget\" data-widget_type=\"heading.default\">\n\t\t\t\t<div class=\"elementor-widget-container\">\n\t\t\t<h2 class=\"elementor-heading-title elementor-size-default\">z\u0119bate pompy i silniki hydrauliczne?<\/h2>\t\t<\/div>\n\t\t\t\t<\/div>\n\t\t\t\t<div class=\"elementor-element elementor-element-3247b837 elementor-widget elementor-widget-text-editor\" data-id=\"3247b837\" data-element_type=\"widget\" data-widget_type=\"text-editor.default\">\n\t\t\t\t<div class=\"elementor-widget-container\">\n\t\t\t\t\t\t\t<p>Jako nieliczni w naszym kraju zajmujemy si\u0119 napraw\u0105 i regeneracj\u0105 pomp i silnik\u00f3w z\u0119batych \u2013 wyr\u00f3\u017cnia nas to na tle konkurencji, bowiem ze wzgl\u0119du na stopie\u0144 trudno\u015bci usuni\u0119cia usterek w takich elementach zazwyczaj taka us\u0142uga nie jest wykonywana. Nasza ponadprzeci\u0119tna precyzja, wiedza merytoryczna i dba\u0142o\u015b\u0107 o szczeg\u00f3\u0142y pozwala na przywracanie pompom i silnikom z\u0119batym parametr\u00f3w fabrycznych. Dzi\u0119ki naszemu zaanga\u017cowaniu i wiedzy popartej wieloletnim do\u015bwiadczeniem poddajemy regeneracji oko\u0142o 95% pomp i silnik\u00f3w aluminiowych i \u017celiwnych, kt\u00f3re trafiaj\u0105 do naszej firmy.<\/p>\t\t\t\t\t\t<\/div>\n\t\t\t\t<\/div>\n\t\t\t\t\t<\/div>\n\t\t<\/div>\n\t\t\t\t\t\t\t<\/div>\n\t\t<\/section>\n\t\t\t\t\t\t<\/div>\n\t\t\t\t\t<\/div>\n\t\t","protected":false},"excerpt":{"rendered":"<p>Naprawa z\u0119batych pomp i silnik\u00f3w hydraulicznych Jaki\u015b kr\u00f3tki opis Co robimy? Naprawa silnik\u00f3w hydraulicznych Naprawa pomp hydraulicznych Naprawa si\u0142ownik\u00f3w hydraulicznych Naprawa z\u0119batych pomp i silnik\u00f3w hydraulicznych Jak dzia\u0142aj\u0105 z\u0119bate pompy i silniki hydrauliczne? Z\u0119bate pompy i silniki hydrauliczne spe\u0142niaj\u0105 te same funkcje, co pompy i silniki hydrauliczne t\u0142okowe \u2013 r\u00f3\u017cni\u0105 si\u0119 od nich przede wszystkim [&hellip;]<\/p>\n","protected":false},"author":1,"featured_media":0,"parent":212,"menu_order":0,"comment_status":"closed","ping_status":"closed","template":"","meta":{"footnotes":""},"class_list":["post-258","page","type-page","status-publish","hentry"],"_links":{"self":[{"href":"http:\/\/lubmasz.dkonto.pl\/index.php\/wp-json\/wp\/v2\/pages\/258","targetHints":{"allow":["GET"]}}],"collection":[{"href":"http:\/\/lubmasz.dkonto.pl\/index.php\/wp-json\/wp\/v2\/pages"}],"about":[{"href":"http:\/\/lubmasz.dkonto.pl\/index.php\/wp-json\/wp\/v2\/types\/page"}],"author":[{"embeddable":true,"href":"http:\/\/lubmasz.dkonto.pl\/index.php\/wp-json\/wp\/v2\/users\/1"}],"replies":[{"embeddable":true,"href":"http:\/\/lubmasz.dkonto.pl\/index.php\/wp-json\/wp\/v2\/comments?post=258"}],"version-history":[{"count":25,"href":"http:\/\/lubmasz.dkonto.pl\/index.php\/wp-json\/wp\/v2\/pages\/258\/revisions"}],"predecessor-version":[{"id":374,"href":"http:\/\/lubmasz.dkonto.pl\/index.php\/wp-json\/wp\/v2\/pages\/258\/revisions\/374"}],"up":[{"embeddable":true,"href":"http:\/\/lubmasz.dkonto.pl\/index.php\/wp-json\/wp\/v2\/pages\/212"}],"wp:attachment":[{"href":"http:\/\/lubmasz.dkonto.pl\/index.php\/wp-json\/wp\/v2\/media?parent=258"}],"curies":[{"name":"wp","href":"https:\/\/api.w.org\/{rel}","templated":true}]}}