{"id":249,"date":"2021-09-06T17:48:57","date_gmt":"2021-09-06T15:48:57","guid":{"rendered":"http:\/\/lubmasz.dkonto.pl\/?page_id=249"},"modified":"2021-09-14T18:13:48","modified_gmt":"2021-09-14T16:13:48","slug":"naprawa-silownikow-hydraulicznych","status":"publish","type":"page","link":"http:\/\/lubmasz.dkonto.pl\/index.php\/oferta\/hydraulika-silowa\/naprawa-silownikow-hydraulicznych\/","title":{"rendered":"Naprawa si\u0142ownik\u00f3w hydraulicznych"},"content":{"rendered":"\t\t<div data-elementor-type=\"wp-page\" data-elementor-id=\"249\" class=\"elementor elementor-249\" data-elementor-settings=\"[]\">\n\t\t\t\t\t\t\t<div class=\"elementor-section-wrap\">\n\t\t\t\t\t\t\t<section class=\"elementor-section elementor-top-section elementor-element elementor-element-615ec078 elementor-section-full_width elementor-section-height-default elementor-section-height-default\" data-id=\"615ec078\" data-element_type=\"section\" data-settings=\"{&quot;background_background&quot;:&quot;classic&quot;}\">\n\t\t\t\t\t\t<div class=\"elementor-container elementor-column-gap-no\">\n\t\t\t\t\t<div class=\"elementor-column elementor-col-100 elementor-top-column elementor-element elementor-element-2abbba01\" data-id=\"2abbba01\" data-element_type=\"column\">\n\t\t\t<div class=\"elementor-widget-wrap elementor-element-populated\">\n\t\t\t\t\t\t\t\t<div class=\"elementor-element elementor-element-63a504c elementor-widget elementor-widget-heading\" data-id=\"63a504c\" data-element_type=\"widget\" data-widget_type=\"heading.default\">\n\t\t\t\t<div class=\"elementor-widget-container\">\n\t\t\t<h2 class=\"elementor-heading-title elementor-size-default\">Naprawa si\u0142ownik\u00f3w hydraulicznych<\/h2>\t\t<\/div>\n\t\t\t\t<\/div>\n\t\t\t\t<div class=\"elementor-element elementor-element-46d234b7 elementor-widget elementor-widget-heading\" data-id=\"46d234b7\" data-element_type=\"widget\" data-widget_type=\"heading.default\">\n\t\t\t\t<div class=\"elementor-widget-container\">\n\t\t\t<h2 class=\"elementor-heading-title elementor-size-default\">Jaki\u015b kr\u00f3tki opis<\/h2>\t\t<\/div>\n\t\t\t\t<\/div>\n\t\t\t\t\t<\/div>\n\t\t<\/div>\n\t\t\t\t\t\t\t<\/div>\n\t\t<\/section>\n\t\t\t\t<section class=\"elementor-section elementor-top-section elementor-element elementor-element-6c287dd2 elementor-section-boxed elementor-section-height-default elementor-section-height-default\" data-id=\"6c287dd2\" data-element_type=\"section\">\n\t\t\t\t\t\t<div class=\"elementor-container elementor-column-gap-default\">\n\t\t\t\t\t<div class=\"elementor-column elementor-col-50 elementor-top-column elementor-element elementor-element-7124df3b sticky-parent\" data-id=\"7124df3b\" data-element_type=\"column\" data-settings=\"{&quot;background_background&quot;:&quot;classic&quot;}\">\n\t\t\t<div class=\"elementor-widget-wrap elementor-element-populated\">\n\t\t\t\t\t\t\t\t<section class=\"elementor-section elementor-inner-section elementor-element elementor-element-15e91963 sticky-column elementor-section-boxed elementor-section-height-default elementor-section-height-default\" data-id=\"15e91963\" data-element_type=\"section\" data-settings=\"{&quot;background_background&quot;:&quot;classic&quot;}\">\n\t\t\t\t\t\t<div class=\"elementor-container elementor-column-gap-no\">\n\t\t\t\t\t<div class=\"elementor-column elementor-col-100 elementor-inner-column elementor-element elementor-element-718f7b4d\" data-id=\"718f7b4d\" data-element_type=\"column\">\n\t\t\t<div class=\"elementor-widget-wrap elementor-element-populated\">\n\t\t\t\t\t\t\t\t<div class=\"elementor-element elementor-element-10e15489 elementor-widget elementor-widget-heading\" data-id=\"10e15489\" data-element_type=\"widget\" data-widget_type=\"heading.default\">\n\t\t\t\t<div class=\"elementor-widget-container\">\n\t\t\t<h2 class=\"elementor-heading-title elementor-size-default\">Co robimy?<\/h2>\t\t<\/div>\n\t\t\t\t<\/div>\n\t\t\t\t<div class=\"elementor-element elementor-element-1dfb3595 elementor-widget elementor-widget-heading\" data-id=\"1dfb3595\" data-element_type=\"widget\" data-widget_type=\"heading.default\">\n\t\t\t\t<div class=\"elementor-widget-container\">\n\t\t\t<h2 class=\"elementor-heading-title elementor-size-default\"><a href=\"http:\/\/lubmasz.dkonto.pl\/index.php\/oferta\/hydraulika-silowa\/naprawa-silnikow-hydraulicznych\/\">Naprawa silnik\u00f3w hydraulicznych<\/a><\/h2>\t\t<\/div>\n\t\t\t\t<\/div>\n\t\t\t\t<div class=\"elementor-element elementor-element-5c83aa2 elementor-widget-divider--view-line elementor-widget elementor-widget-divider\" data-id=\"5c83aa2\" data-element_type=\"widget\" data-widget_type=\"divider.default\">\n\t\t\t\t<div class=\"elementor-widget-container\">\n\t\t\t\t\t<div class=\"elementor-divider\">\n\t\t\t<span class=\"elementor-divider-separator\">\n\t\t\t\t\t\t<\/span>\n\t\t<\/div>\n\t\t\t\t<\/div>\n\t\t\t\t<\/div>\n\t\t\t\t<div class=\"elementor-element elementor-element-1aac0da8 elementor-widget elementor-widget-heading\" data-id=\"1aac0da8\" data-element_type=\"widget\" data-widget_type=\"heading.default\">\n\t\t\t\t<div class=\"elementor-widget-container\">\n\t\t\t<h2 class=\"elementor-heading-title elementor-size-default\"><a href=\"http:\/\/lubmasz.dkonto.pl\/index.php\/oferta\/hydraulika-silowa\/naprawa-pomp-hydraulicznych\/\">Naprawa pomp hydraulicznych<\/a><\/h2>\t\t<\/div>\n\t\t\t\t<\/div>\n\t\t\t\t<div class=\"elementor-element elementor-element-22a0999a elementor-widget-divider--view-line elementor-widget elementor-widget-divider\" data-id=\"22a0999a\" data-element_type=\"widget\" data-widget_type=\"divider.default\">\n\t\t\t\t<div class=\"elementor-widget-container\">\n\t\t\t\t\t<div class=\"elementor-divider\">\n\t\t\t<span class=\"elementor-divider-separator\">\n\t\t\t\t\t\t<\/span>\n\t\t<\/div>\n\t\t\t\t<\/div>\n\t\t\t\t<\/div>\n\t\t\t\t<div class=\"elementor-element elementor-element-188e4a6f elementor-widget elementor-widget-heading\" data-id=\"188e4a6f\" data-element_type=\"widget\" data-widget_type=\"heading.default\">\n\t\t\t\t<div class=\"elementor-widget-container\">\n\t\t\t<h2 class=\"elementor-heading-title elementor-size-default\"><a href=\"http:\/\/lubmasz.dkonto.pl\/index.php\/oferta\/hydraulika-silowa\/naprawa-silownikow-hydraulicznych\/\">Naprawa si\u0142ownik\u00f3w hydraulicznych<\/a><\/h2>\t\t<\/div>\n\t\t\t\t<\/div>\n\t\t\t\t<div class=\"elementor-element elementor-element-4162a02 elementor-widget-divider--view-line elementor-widget elementor-widget-divider\" data-id=\"4162a02\" data-element_type=\"widget\" data-widget_type=\"divider.default\">\n\t\t\t\t<div class=\"elementor-widget-container\">\n\t\t\t\t\t<div class=\"elementor-divider\">\n\t\t\t<span class=\"elementor-divider-separator\">\n\t\t\t\t\t\t<\/span>\n\t\t<\/div>\n\t\t\t\t<\/div>\n\t\t\t\t<\/div>\n\t\t\t\t<div class=\"elementor-element elementor-element-443acda3 elementor-widget elementor-widget-heading\" data-id=\"443acda3\" data-element_type=\"widget\" data-widget_type=\"heading.default\">\n\t\t\t\t<div class=\"elementor-widget-container\">\n\t\t\t<h2 class=\"elementor-heading-title elementor-size-default\"><a href=\"http:\/\/lubmasz.dkonto.pl\/index.php\/oferta\/hydraulika-silowa\/naprawa-zebatych-pomp-i-silnikow-hydraulicznych\/\">Naprawa z\u0119batych pomp \ni silnik\u00f3w hydraulicznych<\/a><\/h2>\t\t<\/div>\n\t\t\t\t<\/div>\n\t\t\t\t\t<\/div>\n\t\t<\/div>\n\t\t\t\t\t\t\t<\/div>\n\t\t<\/section>\n\t\t\t\t\t<\/div>\n\t\t<\/div>\n\t\t\t\t<div class=\"elementor-column elementor-col-50 elementor-top-column elementor-element elementor-element-692c9f4\" data-id=\"692c9f4\" data-element_type=\"column\">\n\t\t\t<div class=\"elementor-widget-wrap elementor-element-populated\">\n\t\t\t\t\t\t\t\t<div class=\"elementor-element elementor-element-ba43d35 elementor-widget elementor-widget-heading\" data-id=\"ba43d35\" data-element_type=\"widget\" data-widget_type=\"heading.default\">\n\t\t\t\t<div class=\"elementor-widget-container\">\n\t\t\t<h2 class=\"elementor-heading-title elementor-size-default\">Jak dzia\u0142aj\u0105<span style=\"color: var( --e-global-color-primary );\"><\/span><\/h2>\t\t<\/div>\n\t\t\t\t<\/div>\n\t\t\t\t<div class=\"elementor-element elementor-element-76958fa6 elementor-widget elementor-widget-heading\" data-id=\"76958fa6\" data-element_type=\"widget\" data-widget_type=\"heading.default\">\n\t\t\t\t<div class=\"elementor-widget-container\">\n\t\t\t<h2 class=\"elementor-heading-title elementor-size-default\">si\u0142owniki hydrauliczne?<\/h2>\t\t<\/div>\n\t\t\t\t<\/div>\n\t\t\t\t<div class=\"elementor-element elementor-element-75e30f0a elementor-widget elementor-widget-text-editor\" data-id=\"75e30f0a\" data-element_type=\"widget\" data-widget_type=\"text-editor.default\">\n\t\t\t\t<div class=\"elementor-widget-container\">\n\t\t\t\t\t\t\t<p>Si\u0142owniki hydrauliczne to elementy wykonawcze w uk\u0142adach hydraulicznych, kt\u00f3rych dzia\u0142anie opiera si\u0119 na zamianie energii ci\u015bnienia cieczy roboczej na energi\u0119 mechaniczn\u0105, dzi\u0119ki kt\u00f3rej nast\u0119puje ruch posuwisto-zwrotny. Wyr\u00f3\u017cnia si\u0119 si\u0142owniki dwustronnego dzia\u0142ania, w kt\u00f3rych ruch w obu kierunkach wymuszony jest ci\u015bnieniem cieczy wype\u0142niaj\u0105cej cylinder, a tak\u017ce si\u0142owniki jednostronnego dzia\u0142ania, kt\u00f3rych ruch w jednym kierunku wymuszony jest ci\u015bnieniem cieczy, a w drugim \u2013 si\u0142\u0105 pochodz\u0105c\u0105 z innego \u017ar\u00f3d\u0142a. Si\u0142owniki hydrauliczne znajduj\u0105 zastosowanie w wielu dziedzinach przemys\u0142u, gdzie wymagana jest du\u017ca si\u0142a nacisku, a wi\u0119c szczeg\u00f3lnie w sektorze maszyn budowlanych i drogowych, maszyn rolniczych oraz pojazd\u00f3w transportowych.<\/p>\t\t\t\t\t\t<\/div>\n\t\t\t\t<\/div>\n\t\t\t\t<div class=\"elementor-element elementor-element-4a75386b elementor-widget elementor-widget-heading\" data-id=\"4a75386b\" data-element_type=\"widget\" data-widget_type=\"heading.default\">\n\t\t\t\t<div class=\"elementor-widget-container\">\n\t\t\t<h2 class=\"elementor-heading-title elementor-size-default\">Jak naprawiamy<\/h2>\t\t<\/div>\n\t\t\t\t<\/div>\n\t\t\t\t<div class=\"elementor-element elementor-element-36efe97d elementor-widget elementor-widget-heading\" data-id=\"36efe97d\" data-element_type=\"widget\" data-widget_type=\"heading.default\">\n\t\t\t\t<div class=\"elementor-widget-container\">\n\t\t\t<h2 class=\"elementor-heading-title elementor-size-default\">si\u0142owniki hydrauliczne?<\/h2>\t\t<\/div>\n\t\t\t\t<\/div>\n\t\t\t\t<div class=\"elementor-element elementor-element-7e4ad523 elementor-widget elementor-widget-text-editor\" data-id=\"7e4ad523\" data-element_type=\"widget\" data-widget_type=\"text-editor.default\">\n\t\t\t\t<div class=\"elementor-widget-container\">\n\t\t\t\t\t\t\t<p>W procesie naprawy si\u0142ownik\u00f3w, podczas wymiany t\u0142oczysk, stosujemy metod\u0119 wytaczania, aby odzyska\u0107 oryginalne mocowania \u2013 uszy (je\u017celi zezwala na to aktualny stan element\u00f3w). Nast\u0119pnie s\u0105 one gwintowane; w nowym t\u0142oczysku wykonany zostaje ten sam rodzaj gwintu. Ucho zostaje wkr\u0119cone i obspawane specjalnymi elektrodami. W ten spos\u00f3b uzyskujemy fabryczn\u0105 wytrzyma\u0142o\u015b\u0107, osiowo\u015b\u0107 oraz prostopad\u0142o\u015b\u0107, czyli prawid\u0142owe warunki i za\u0142o\u017cenia techniczne pracy si\u0142ownika.\u00a0<\/p><p>\u00a0<\/p><p>Opr\u00f3cz kompleksowej regeneracji si\u0142ownik\u00f3w, nasze us\u0142ugi obejmuj\u0105 r\u00f3wnie\u017c wykonanie ich od nowa. Dysponujemy doskonale wyposa\u017conym parkiem maszynowym, kt\u00f3re pozwala nam na wykonanie element\u00f3w takich jak t\u0142oczysko, cylinder, t\u0142ok, d\u0142awnica czy ucho do ka\u017cdego rodzaju si\u0142ownik\u00f3w hydraulicznych \u2013 wszystko zgodnie z fabrycznymi wzorami.\u00a0<\/p><p>\u00a0<\/p><p>Staramy si\u0119, aby jako\u015b\u0107 wykonanych przez nas element\u00f3w by\u0142a na najwy\u017cszym poziomie, dlatego w miar\u0119 mo\u017cliwo\u015bci i dost\u0119pno\u015bci stosujemy wymiary uszczelnie\u0144 najlepszych niemieckich producent\u00f3w. Zdarza si\u0119, \u017ce uszczelnienia s\u0105 trudno dost\u0119pne lub zastrze\u017cone przez producenta \u2013 w\u00f3wczas mo\u017cliwe jest zastosowanie standardowych wymiar\u00f3w uszczelnie\u0144, co przy ewentualnej naprawie znacznie obni\u017ca czas i koszt wykonania us\u0142ugi. S\u0142u\u017cymy tak\u017ce pomoc\u0105, kiedy wybrane przez Pa\u0144stwa uszczelnienia w autoryzowanych serwisach s\u0105 trudno dost\u0119pne b\u0105d\u017a ich koszt przewy\u017csza Pa\u0144stwa mo\u017cliwo\u015bci \u2013 w\u00f3wczas podejmujemy si\u0119 wykonania potrzebnego elementu. Stosujemy szereg sprawdzonych rozwi\u0105za\u0144, aby wyj\u015b\u0107 naprzeciw Pa\u0144stwa potrzebom \u2013 nasza wiedza i do\u015bwiadczenie pozwalaj\u0105 nam na dobranie optymalnego rozwi\u0105zania.\u00a0<\/p>\t\t\t\t\t\t<\/div>\n\t\t\t\t<\/div>\n\t\t\t\t\t<\/div>\n\t\t<\/div>\n\t\t\t\t\t\t\t<\/div>\n\t\t<\/section>\n\t\t\t\t<section class=\"elementor-section elementor-top-section elementor-element elementor-element-677cdb3a elementor-section-boxed elementor-section-height-default elementor-section-height-default\" data-id=\"677cdb3a\" data-element_type=\"section\">\n\t\t\t\t\t\t<div class=\"elementor-container elementor-column-gap-default\">\n\t\t\t\t\t<div class=\"elementor-column elementor-col-100 elementor-top-column elementor-element elementor-element-5581717\" data-id=\"5581717\" data-element_type=\"column\">\n\t\t\t<div class=\"elementor-widget-wrap\">\n\t\t\t\t\t\t\t\t\t<\/div>\n\t\t<\/div>\n\t\t\t\t\t\t\t<\/div>\n\t\t<\/section>\n\t\t\t\t\t\t<\/div>\n\t\t\t\t\t<\/div>\n\t\t","protected":false},"excerpt":{"rendered":"<p>Naprawa si\u0142ownik\u00f3w hydraulicznych Jaki\u015b kr\u00f3tki opis Co robimy? Naprawa silnik\u00f3w hydraulicznych Naprawa pomp hydraulicznych Naprawa si\u0142ownik\u00f3w hydraulicznych Naprawa z\u0119batych pomp i silnik\u00f3w hydraulicznych Jak dzia\u0142aj\u0105 si\u0142owniki hydrauliczne? Si\u0142owniki hydrauliczne to elementy wykonawcze w uk\u0142adach hydraulicznych, kt\u00f3rych dzia\u0142anie opiera si\u0119 na zamianie energii ci\u015bnienia cieczy roboczej na energi\u0119 mechaniczn\u0105, dzi\u0119ki kt\u00f3rej nast\u0119puje ruch posuwisto-zwrotny. Wyr\u00f3\u017cnia si\u0119 [&hellip;]<\/p>\n","protected":false},"author":1,"featured_media":0,"parent":212,"menu_order":0,"comment_status":"closed","ping_status":"closed","template":"","meta":{"footnotes":""},"class_list":["post-249","page","type-page","status-publish","hentry"],"_links":{"self":[{"href":"http:\/\/lubmasz.dkonto.pl\/index.php\/wp-json\/wp\/v2\/pages\/249","targetHints":{"allow":["GET"]}}],"collection":[{"href":"http:\/\/lubmasz.dkonto.pl\/index.php\/wp-json\/wp\/v2\/pages"}],"about":[{"href":"http:\/\/lubmasz.dkonto.pl\/index.php\/wp-json\/wp\/v2\/types\/page"}],"author":[{"embeddable":true,"href":"http:\/\/lubmasz.dkonto.pl\/index.php\/wp-json\/wp\/v2\/users\/1"}],"replies":[{"embeddable":true,"href":"http:\/\/lubmasz.dkonto.pl\/index.php\/wp-json\/wp\/v2\/comments?post=249"}],"version-history":[{"count":16,"href":"http:\/\/lubmasz.dkonto.pl\/index.php\/wp-json\/wp\/v2\/pages\/249\/revisions"}],"predecessor-version":[{"id":370,"href":"http:\/\/lubmasz.dkonto.pl\/index.php\/wp-json\/wp\/v2\/pages\/249\/revisions\/370"}],"up":[{"embeddable":true,"href":"http:\/\/lubmasz.dkonto.pl\/index.php\/wp-json\/wp\/v2\/pages\/212"}],"wp:attachment":[{"href":"http:\/\/lubmasz.dkonto.pl\/index.php\/wp-json\/wp\/v2\/media?parent=249"}],"curies":[{"name":"wp","href":"https:\/\/api.w.org\/{rel}","templated":true}]}}