{"id":225,"date":"2021-09-06T14:14:33","date_gmt":"2021-09-06T12:14:33","guid":{"rendered":"http:\/\/lubmasz.dkonto.pl\/?page_id=225"},"modified":"2021-09-14T17:39:17","modified_gmt":"2021-09-14T15:39:17","slug":"naprawa-silnikow-hydraulicznych","status":"publish","type":"page","link":"http:\/\/lubmasz.dkonto.pl\/index.php\/oferta\/hydraulika-silowa\/naprawa-silnikow-hydraulicznych\/","title":{"rendered":"Naprawa silnik\u00f3w hydraulicznych"},"content":{"rendered":"\t\t<div data-elementor-type=\"wp-page\" data-elementor-id=\"225\" class=\"elementor elementor-225\" data-elementor-settings=\"[]\">\n\t\t\t\t\t\t\t<div class=\"elementor-section-wrap\">\n\t\t\t\t\t\t\t<section class=\"elementor-section elementor-top-section elementor-element elementor-element-26aeff42 elementor-section-full_width elementor-section-height-default elementor-section-height-default\" data-id=\"26aeff42\" data-element_type=\"section\" data-settings=\"{&quot;background_background&quot;:&quot;classic&quot;}\">\n\t\t\t\t\t\t<div class=\"elementor-container elementor-column-gap-no\">\n\t\t\t\t\t<div class=\"elementor-column elementor-col-100 elementor-top-column elementor-element elementor-element-1a30d83d\" data-id=\"1a30d83d\" data-element_type=\"column\">\n\t\t\t<div class=\"elementor-widget-wrap elementor-element-populated\">\n\t\t\t\t\t\t\t\t<div class=\"elementor-element elementor-element-2a78957 elementor-widget elementor-widget-heading\" data-id=\"2a78957\" data-element_type=\"widget\" data-widget_type=\"heading.default\">\n\t\t\t\t<div class=\"elementor-widget-container\">\n\t\t\t<h2 class=\"elementor-heading-title elementor-size-default\">Naprawa silnik\u00f3w hydraulicznych<\/h2>\t\t<\/div>\n\t\t\t\t<\/div>\n\t\t\t\t<div class=\"elementor-element elementor-element-7e6b3acf elementor-widget elementor-widget-heading\" data-id=\"7e6b3acf\" data-element_type=\"widget\" data-widget_type=\"heading.default\">\n\t\t\t\t<div class=\"elementor-widget-container\">\n\t\t\t<h2 class=\"elementor-heading-title elementor-size-default\">Jaki\u015b kr\u00f3tki opis<\/h2>\t\t<\/div>\n\t\t\t\t<\/div>\n\t\t\t\t\t<\/div>\n\t\t<\/div>\n\t\t\t\t\t\t\t<\/div>\n\t\t<\/section>\n\t\t\t\t<section class=\"elementor-section elementor-top-section elementor-element elementor-element-4434cc84 elementor-section-boxed elementor-section-height-default elementor-section-height-default\" data-id=\"4434cc84\" data-element_type=\"section\">\n\t\t\t\t\t\t<div class=\"elementor-container elementor-column-gap-default\">\n\t\t\t\t\t<div class=\"elementor-column elementor-col-50 elementor-top-column elementor-element elementor-element-4f4bf360 sticky-parent\" data-id=\"4f4bf360\" data-element_type=\"column\" data-settings=\"{&quot;background_background&quot;:&quot;classic&quot;}\">\n\t\t\t<div class=\"elementor-widget-wrap elementor-element-populated\">\n\t\t\t\t\t\t\t\t<section class=\"elementor-section elementor-inner-section elementor-element elementor-element-681fc47c sticky-column elementor-section-boxed elementor-section-height-default elementor-section-height-default\" data-id=\"681fc47c\" data-element_type=\"section\" data-settings=\"{&quot;background_background&quot;:&quot;classic&quot;}\">\n\t\t\t\t\t\t<div class=\"elementor-container elementor-column-gap-no\">\n\t\t\t\t\t<div class=\"elementor-column elementor-col-100 elementor-inner-column elementor-element elementor-element-53fb72ec\" data-id=\"53fb72ec\" data-element_type=\"column\">\n\t\t\t<div class=\"elementor-widget-wrap elementor-element-populated\">\n\t\t\t\t\t\t\t\t<div class=\"elementor-element elementor-element-138347c9 elementor-widget elementor-widget-heading\" data-id=\"138347c9\" data-element_type=\"widget\" data-widget_type=\"heading.default\">\n\t\t\t\t<div class=\"elementor-widget-container\">\n\t\t\t<h2 class=\"elementor-heading-title elementor-size-default\">Co robimy?<\/h2>\t\t<\/div>\n\t\t\t\t<\/div>\n\t\t\t\t<div class=\"elementor-element elementor-element-6f3081 elementor-widget elementor-widget-heading\" data-id=\"6f3081\" data-element_type=\"widget\" data-widget_type=\"heading.default\">\n\t\t\t\t<div class=\"elementor-widget-container\">\n\t\t\t<h2 class=\"elementor-heading-title elementor-size-default\"><a href=\"http:\/\/lubmasz.dkonto.pl\/index.php\/oferta\/hydraulika-silowa\/naprawa-silnikow-hydraulicznych\/\">Naprawa silnik\u00f3w hydraulicznych<\/a><\/h2>\t\t<\/div>\n\t\t\t\t<\/div>\n\t\t\t\t<div class=\"elementor-element elementor-element-2bb07261 elementor-widget-divider--view-line elementor-widget elementor-widget-divider\" data-id=\"2bb07261\" data-element_type=\"widget\" data-widget_type=\"divider.default\">\n\t\t\t\t<div class=\"elementor-widget-container\">\n\t\t\t\t\t<div class=\"elementor-divider\">\n\t\t\t<span class=\"elementor-divider-separator\">\n\t\t\t\t\t\t<\/span>\n\t\t<\/div>\n\t\t\t\t<\/div>\n\t\t\t\t<\/div>\n\t\t\t\t<div class=\"elementor-element elementor-element-46e45828 elementor-widget elementor-widget-heading\" data-id=\"46e45828\" data-element_type=\"widget\" data-widget_type=\"heading.default\">\n\t\t\t\t<div class=\"elementor-widget-container\">\n\t\t\t<h2 class=\"elementor-heading-title elementor-size-default\"><a href=\"http:\/\/lubmasz.dkonto.pl\/index.php\/oferta\/hydraulika-silowa\/naprawa-pomp-hydraulicznych\/\">Naprawa pomp hydraulicznych<\/a><\/h2>\t\t<\/div>\n\t\t\t\t<\/div>\n\t\t\t\t<div class=\"elementor-element elementor-element-623f7eb6 elementor-widget-divider--view-line elementor-widget elementor-widget-divider\" data-id=\"623f7eb6\" data-element_type=\"widget\" data-widget_type=\"divider.default\">\n\t\t\t\t<div class=\"elementor-widget-container\">\n\t\t\t\t\t<div class=\"elementor-divider\">\n\t\t\t<span class=\"elementor-divider-separator\">\n\t\t\t\t\t\t<\/span>\n\t\t<\/div>\n\t\t\t\t<\/div>\n\t\t\t\t<\/div>\n\t\t\t\t<div class=\"elementor-element elementor-element-32b303fa elementor-widget elementor-widget-heading\" data-id=\"32b303fa\" data-element_type=\"widget\" data-widget_type=\"heading.default\">\n\t\t\t\t<div class=\"elementor-widget-container\">\n\t\t\t<h2 class=\"elementor-heading-title elementor-size-default\"><a href=\"http:\/\/lubmasz.dkonto.pl\/index.php\/oferta\/hydraulika-silowa\/naprawa-silownikow-hydraulicznych\/\">Naprawa si\u0142ownik\u00f3w hydraulicznych<\/a><\/h2>\t\t<\/div>\n\t\t\t\t<\/div>\n\t\t\t\t<div class=\"elementor-element elementor-element-36089c7a elementor-widget-divider--view-line elementor-widget elementor-widget-divider\" data-id=\"36089c7a\" data-element_type=\"widget\" data-widget_type=\"divider.default\">\n\t\t\t\t<div class=\"elementor-widget-container\">\n\t\t\t\t\t<div class=\"elementor-divider\">\n\t\t\t<span class=\"elementor-divider-separator\">\n\t\t\t\t\t\t<\/span>\n\t\t<\/div>\n\t\t\t\t<\/div>\n\t\t\t\t<\/div>\n\t\t\t\t<div class=\"elementor-element elementor-element-46635233 elementor-widget elementor-widget-heading\" data-id=\"46635233\" data-element_type=\"widget\" data-widget_type=\"heading.default\">\n\t\t\t\t<div class=\"elementor-widget-container\">\n\t\t\t<h2 class=\"elementor-heading-title elementor-size-default\"><a href=\"http:\/\/lubmasz.dkonto.pl\/index.php\/oferta\/hydraulika-silowa\/naprawa-zebatych-pomp-i-silnikow-hydraulicznych\/\">Naprawa z\u0119batych pomp \ni silnik\u00f3w hydraulicznych<\/a><\/h2>\t\t<\/div>\n\t\t\t\t<\/div>\n\t\t\t\t\t<\/div>\n\t\t<\/div>\n\t\t\t\t\t\t\t<\/div>\n\t\t<\/section>\n\t\t\t\t\t<\/div>\n\t\t<\/div>\n\t\t\t\t<div class=\"elementor-column elementor-col-50 elementor-top-column elementor-element elementor-element-55fee5ae\" data-id=\"55fee5ae\" data-element_type=\"column\">\n\t\t\t<div class=\"elementor-widget-wrap elementor-element-populated\">\n\t\t\t\t\t\t\t\t<div class=\"elementor-element elementor-element-107f29c7 elementor-widget elementor-widget-heading\" data-id=\"107f29c7\" data-element_type=\"widget\" data-widget_type=\"heading.default\">\n\t\t\t\t<div class=\"elementor-widget-container\">\n\t\t\t<h2 class=\"elementor-heading-title elementor-size-default\">Jak dzia\u0142aj\u0105<\/h2>\t\t<\/div>\n\t\t\t\t<\/div>\n\t\t\t\t<div class=\"elementor-element elementor-element-62765075 elementor-widget elementor-widget-heading\" data-id=\"62765075\" data-element_type=\"widget\" data-widget_type=\"heading.default\">\n\t\t\t\t<div class=\"elementor-widget-container\">\n\t\t\t<h2 class=\"elementor-heading-title elementor-size-default\">silniki hydrauliczne<\/h2>\t\t<\/div>\n\t\t\t\t<\/div>\n\t\t\t\t<div class=\"elementor-element elementor-element-3e41f5a elementor-widget elementor-widget-text-editor\" data-id=\"3e41f5a\" data-element_type=\"widget\" data-widget_type=\"text-editor.default\">\n\t\t\t\t<div class=\"elementor-widget-container\">\n\t\t\t\t\t\t\t<p>Silniki hydrauliczne to urz\u0105dzenia zmieniaj\u0105ce energi\u0119 potencjaln\u0105 lub kinetyczn\u0105 cieczy w energi\u0119 mechaniczn\u0105 w ruchu obrotowym. Wysokie ci\u015bnienie cieczy powoduje powstanie ruchu obrotowego. Konstrukcja silnika hydraulicznego pozwala na wykorzystanie go jako urz\u0105dzenia dostarczaj\u0105cego moment obrotowy \u2013 niezale\u017cnie od kierunku obrot\u00f3w wa\u0142ka nap\u0119dowego.<\/p><p>Elementy robocze, znajduj\u0105ce si\u0119 w silnikach hydraulicznych:<br \/>&#8211; cylinder<br \/>&#8211; t\u0142oki<br \/>&#8211; p\u0142yta rozrz\u0105du<br \/>&#8211; ko\u0142yska<br \/>&#8211; \u0142o\u017cyska ko\u0142yski<br \/>&#8211; separator<br \/>&#8211; kula<br \/>&#8211; wa\u0142 nap\u0119dowy<\/p>\t\t\t\t\t\t<\/div>\n\t\t\t\t<\/div>\n\t\t\t\t<div class=\"elementor-element elementor-element-28b09223 elementor-widget elementor-widget-heading\" data-id=\"28b09223\" data-element_type=\"widget\" data-widget_type=\"heading.default\">\n\t\t\t\t<div class=\"elementor-widget-container\">\n\t\t\t<h2 class=\"elementor-heading-title elementor-size-default\">Gdzie u\u017cywane s\u0105<span style=\"color: var( --e-global-color-primary );\"><\/span><\/h2>\t\t<\/div>\n\t\t\t\t<\/div>\n\t\t\t\t<div class=\"elementor-element elementor-element-6554c435 elementor-widget elementor-widget-heading\" data-id=\"6554c435\" data-element_type=\"widget\" data-widget_type=\"heading.default\">\n\t\t\t\t<div class=\"elementor-widget-container\">\n\t\t\t<h2 class=\"elementor-heading-title elementor-size-default\">silniki hydrauliczne?<\/h2>\t\t<\/div>\n\t\t\t\t<\/div>\n\t\t\t\t<div class=\"elementor-element elementor-element-4f32a8cb elementor-widget elementor-widget-text-editor\" data-id=\"4f32a8cb\" data-element_type=\"widget\" data-widget_type=\"text-editor.default\">\n\t\t\t\t<div class=\"elementor-widget-container\">\n\t\t\t\t\t\t\t<p>Silniki hydrauliczne znajduj\u0105 szerokie zastosowanie w uk\u0142adach hydraulicznych maszyn i urz\u0105dze\u0144 r\u00f3\u017cnych ga\u0142\u0119zi przemys\u0142u. Mo\u017cna je znale\u017a\u0107 mi\u0119dzy innymi w maszynach budowlanych i drogowych, maszynach rolniczych, przemys\u0142owych, a tak\u017ce w lotnictwie.\u00a0<\/p>\t\t\t\t\t\t<\/div>\n\t\t\t\t<\/div>\n\t\t\t\t<div class=\"elementor-element elementor-element-77814bd5 elementor-widget elementor-widget-heading\" data-id=\"77814bd5\" data-element_type=\"widget\" data-widget_type=\"heading.default\">\n\t\t\t\t<div class=\"elementor-widget-container\">\n\t\t\t<h2 class=\"elementor-heading-title elementor-size-default\">Jak naprawiamy<span style=\"color: var( --e-global-color-primary );\"><\/span><\/h2>\t\t<\/div>\n\t\t\t\t<\/div>\n\t\t\t\t<div class=\"elementor-element elementor-element-77881390 elementor-widget elementor-widget-heading\" data-id=\"77881390\" data-element_type=\"widget\" data-widget_type=\"heading.default\">\n\t\t\t\t<div class=\"elementor-widget-container\">\n\t\t\t<h2 class=\"elementor-heading-title elementor-size-default\">silniki hydrauliczne?<\/h2>\t\t<\/div>\n\t\t\t\t<\/div>\n\t\t\t\t<div class=\"elementor-element elementor-element-304e8862 elementor-widget elementor-widget-text-editor\" data-id=\"304e8862\" data-element_type=\"widget\" data-widget_type=\"text-editor.default\">\n\t\t\t\t<div class=\"elementor-widget-container\">\n\t\t\t\t\t\t\t<p>Podczas monta\u017cu silnik\u00f3w hydraulicznych bardzo wa\u017cne jest osiowanie wa\u0142\u00f3w g\u0142\u00f3wnych po wymianie \u0142o\u017cysk. Wa\u0142y musz\u0105 zosta\u0107 osadzone w nowych \u0142o\u017cyskach z odpowiednimi luzami monta\u017cowymi zalecanymi przez producenta. Nast\u0119pnym istotnym wymogiem jest uzyskanie odpowiedniej klasy chropowato\u015bci element\u00f3w wsp\u00f3\u0142pracuj\u0105cych ze sob\u0105 w tzw. k\u0105pieli olejowej. Wysok\u0105 klas\u0119 i dok\u0142adno\u015b\u0107 tych powierzchni uzyskujemy w procesie szlifowania, a nast\u0119pnie honowania (dog\u0142adzania) wsp\u00f3\u0142pracuj\u0105cych element\u00f3w. Niekt\u00f3re cz\u0119\u015bci silnik\u00f3w hydraulicznych s\u0105 montowane z dok\u0142adno\u015bci\u0105 od 0,01 mm do 0,05 mm. Powoduje to uzyskanie odpowiedniej szczelno\u015bci i ich prawid\u0142ow\u0105 wsp\u00f3\u0142prac\u0119 podczas eksploatacji.<\/p><p>Oferujemy kompleksowe naprawy silnik\u00f3w hydraulicznych:<\/p><p>&#8211; t\u0142okowych (osiowe i promieniowe), <br \/>&#8211; z\u0119batych,<br \/>&#8211; gerotorowych, <br \/>&#8211; gerolerowych. <\/p>\t\t\t\t\t\t<\/div>\n\t\t\t\t<\/div>\n\t\t\t\t<div class=\"elementor-element elementor-element-bbef8f8 elementor-widget elementor-widget-text-editor\" data-id=\"bbef8f8\" data-element_type=\"widget\" data-widget_type=\"text-editor.default\">\n\t\t\t\t<div class=\"elementor-widget-container\">\n\t\t\t\t\t\t\t<p>Na Pa\u0144stwa \u017cyczenie mo\u017cemy r\u00f3wnie\u017c zaprojektowa\u0107 i wykona\u0107 dowolny uk\u0142ad \u2013 zgodny z Pa\u0144stwa indywidualnymi wymogami i zapotrzebowaniem.<\/p>\t\t\t\t\t\t<\/div>\n\t\t\t\t<\/div>\n\t\t\t\t<div class=\"elementor-element elementor-element-b08d76a elementor-widget elementor-widget-text-editor\" data-id=\"b08d76a\" data-element_type=\"widget\" data-widget_type=\"text-editor.default\">\n\t\t\t\t<div class=\"elementor-widget-container\">\n\t\t\t\t\t\t\t<p>Serwisujemy produkty najlepszych \u015bwiatowych producent\u00f3w, mi\u0119dzy innymi:<br \/>LINDE, REXROTH, SAUER DANFOSS, BRUENINGHAUS HYDROMATIC, HYDRO LEDUC, MANNESMANN, BOSCH, EATON, CASAPPA, HALDEX, HITACHI, HPI, KOMATSU, M&amp;S, PARKER, VICKERS, WHITE<\/p>\t\t\t\t\t\t<\/div>\n\t\t\t\t<\/div>\n\t\t\t\t\t<\/div>\n\t\t<\/div>\n\t\t\t\t\t\t\t<\/div>\n\t\t<\/section>\n\t\t\t\t\t\t<\/div>\n\t\t\t\t\t<\/div>\n\t\t","protected":false},"excerpt":{"rendered":"<p>Naprawa silnik\u00f3w hydraulicznych Jaki\u015b kr\u00f3tki opis Co robimy? Naprawa silnik\u00f3w hydraulicznych Naprawa pomp hydraulicznych Naprawa si\u0142ownik\u00f3w hydraulicznych Naprawa z\u0119batych pomp i silnik\u00f3w hydraulicznych Jak dzia\u0142aj\u0105 silniki hydrauliczne Silniki hydrauliczne to urz\u0105dzenia zmieniaj\u0105ce energi\u0119 potencjaln\u0105 lub kinetyczn\u0105 cieczy w energi\u0119 mechaniczn\u0105 w ruchu obrotowym. Wysokie ci\u015bnienie cieczy powoduje powstanie ruchu obrotowego. Konstrukcja silnika hydraulicznego pozwala na [&hellip;]<\/p>\n","protected":false},"author":1,"featured_media":0,"parent":212,"menu_order":0,"comment_status":"closed","ping_status":"closed","template":"","meta":{"footnotes":""},"class_list":["post-225","page","type-page","status-publish","hentry"],"_links":{"self":[{"href":"http:\/\/lubmasz.dkonto.pl\/index.php\/wp-json\/wp\/v2\/pages\/225","targetHints":{"allow":["GET"]}}],"collection":[{"href":"http:\/\/lubmasz.dkonto.pl\/index.php\/wp-json\/wp\/v2\/pages"}],"about":[{"href":"http:\/\/lubmasz.dkonto.pl\/index.php\/wp-json\/wp\/v2\/types\/page"}],"author":[{"embeddable":true,"href":"http:\/\/lubmasz.dkonto.pl\/index.php\/wp-json\/wp\/v2\/users\/1"}],"replies":[{"embeddable":true,"href":"http:\/\/lubmasz.dkonto.pl\/index.php\/wp-json\/wp\/v2\/comments?post=225"}],"version-history":[{"count":25,"href":"http:\/\/lubmasz.dkonto.pl\/index.php\/wp-json\/wp\/v2\/pages\/225\/revisions"}],"predecessor-version":[{"id":363,"href":"http:\/\/lubmasz.dkonto.pl\/index.php\/wp-json\/wp\/v2\/pages\/225\/revisions\/363"}],"up":[{"embeddable":true,"href":"http:\/\/lubmasz.dkonto.pl\/index.php\/wp-json\/wp\/v2\/pages\/212"}],"wp:attachment":[{"href":"http:\/\/lubmasz.dkonto.pl\/index.php\/wp-json\/wp\/v2\/media?parent=225"}],"curies":[{"name":"wp","href":"https:\/\/api.w.org\/{rel}","templated":true}]}}