{"id":212,"date":"2021-08-24T15:46:44","date_gmt":"2021-08-24T13:46:44","guid":{"rendered":"http:\/\/lubmasz.dkonto.pl\/?page_id=212"},"modified":"2021-09-27T12:08:15","modified_gmt":"2021-09-27T10:08:15","slug":"hydraulika-silowa","status":"publish","type":"page","link":"http:\/\/lubmasz.dkonto.pl\/index.php\/oferta\/hydraulika-silowa\/","title":{"rendered":"Hydraulika si\u0142owa"},"content":{"rendered":"\t\t<div data-elementor-type=\"wp-page\" data-elementor-id=\"212\" class=\"elementor elementor-212\" data-elementor-settings=\"[]\">\n\t\t\t\t\t\t\t<div class=\"elementor-section-wrap\">\n\t\t\t\t\t\t\t<section class=\"elementor-section elementor-top-section elementor-element elementor-element-4b113ceb elementor-section-full_width elementor-section-height-default elementor-section-height-default\" data-id=\"4b113ceb\" data-element_type=\"section\" data-settings=\"{&quot;background_background&quot;:&quot;classic&quot;}\">\n\t\t\t\t\t\t<div class=\"elementor-container elementor-column-gap-no\">\n\t\t\t\t\t<div class=\"elementor-column elementor-col-100 elementor-top-column elementor-element elementor-element-29d0cda1\" data-id=\"29d0cda1\" data-element_type=\"column\">\n\t\t\t<div class=\"elementor-widget-wrap elementor-element-populated\">\n\t\t\t\t\t\t\t\t<div class=\"elementor-element elementor-element-421711d3 elementor-widget elementor-widget-heading\" data-id=\"421711d3\" data-element_type=\"widget\" data-widget_type=\"heading.default\">\n\t\t\t\t<div class=\"elementor-widget-container\">\n\t\t\t<h2 class=\"elementor-heading-title elementor-size-default\">Hydraulika si\u0142owa<\/h2>\t\t<\/div>\n\t\t\t\t<\/div>\n\t\t\t\t\t<\/div>\n\t\t<\/div>\n\t\t\t\t\t\t\t<\/div>\n\t\t<\/section>\n\t\t\t\t<section class=\"elementor-section elementor-top-section elementor-element elementor-element-623672e4 elementor-section-boxed elementor-section-height-default elementor-section-height-default\" data-id=\"623672e4\" data-element_type=\"section\">\n\t\t\t\t\t\t<div class=\"elementor-container elementor-column-gap-default\">\n\t\t\t\t\t<div class=\"elementor-column elementor-col-50 elementor-top-column elementor-element elementor-element-25ae0208 sticky-parent\" data-id=\"25ae0208\" data-element_type=\"column\" data-settings=\"{&quot;background_background&quot;:&quot;classic&quot;}\">\n\t\t\t<div class=\"elementor-widget-wrap elementor-element-populated\">\n\t\t\t\t\t\t\t\t<section class=\"elementor-section elementor-inner-section elementor-element elementor-element-7f0b32ed sticky-column elementor-section-boxed elementor-section-height-default elementor-section-height-default\" data-id=\"7f0b32ed\" data-element_type=\"section\" data-settings=\"{&quot;background_background&quot;:&quot;classic&quot;}\">\n\t\t\t\t\t\t<div class=\"elementor-container elementor-column-gap-no\">\n\t\t\t\t\t<div class=\"elementor-column elementor-col-100 elementor-inner-column elementor-element elementor-element-602f5d1d\" data-id=\"602f5d1d\" data-element_type=\"column\">\n\t\t\t<div class=\"elementor-widget-wrap elementor-element-populated\">\n\t\t\t\t\t\t\t\t<div class=\"elementor-element elementor-element-45f6d4a9 elementor-widget elementor-widget-heading\" data-id=\"45f6d4a9\" data-element_type=\"widget\" data-widget_type=\"heading.default\">\n\t\t\t\t<div class=\"elementor-widget-container\">\n\t\t\t<h2 class=\"elementor-heading-title elementor-size-default\">Co robimy?<\/h2>\t\t<\/div>\n\t\t\t\t<\/div>\n\t\t\t\t<div class=\"elementor-element elementor-element-a3beaec elementor-widget elementor-widget-heading\" data-id=\"a3beaec\" data-element_type=\"widget\" data-widget_type=\"heading.default\">\n\t\t\t\t<div class=\"elementor-widget-container\">\n\t\t\t<h2 class=\"elementor-heading-title elementor-size-default\"><a href=\"http:\/\/lubmasz.dkonto.pl\/index.php\/oferta\/hydraulika-silowa\/naprawa-silnikow-hydraulicznych\/\">Naprawa silnik\u00f3w hydraulicznych<\/a><\/h2>\t\t<\/div>\n\t\t\t\t<\/div>\n\t\t\t\t<div class=\"elementor-element elementor-element-f5d49c2 elementor-widget-divider--view-line elementor-widget elementor-widget-divider\" data-id=\"f5d49c2\" data-element_type=\"widget\" data-widget_type=\"divider.default\">\n\t\t\t\t<div class=\"elementor-widget-container\">\n\t\t\t\t\t<div class=\"elementor-divider\">\n\t\t\t<span class=\"elementor-divider-separator\">\n\t\t\t\t\t\t<\/span>\n\t\t<\/div>\n\t\t\t\t<\/div>\n\t\t\t\t<\/div>\n\t\t\t\t<div class=\"elementor-element elementor-element-77c5959d elementor-widget elementor-widget-heading\" data-id=\"77c5959d\" data-element_type=\"widget\" data-widget_type=\"heading.default\">\n\t\t\t\t<div class=\"elementor-widget-container\">\n\t\t\t<h2 class=\"elementor-heading-title elementor-size-default\"><a href=\"http:\/\/lubmasz.dkonto.pl\/index.php\/oferta\/hydraulika-silowa\/naprawa-pomp-hydraulicznych\/\">Naprawa pomp hydraulicznych<\/a><\/h2>\t\t<\/div>\n\t\t\t\t<\/div>\n\t\t\t\t<div class=\"elementor-element elementor-element-7b72b68a elementor-widget-divider--view-line elementor-widget elementor-widget-divider\" data-id=\"7b72b68a\" data-element_type=\"widget\" data-widget_type=\"divider.default\">\n\t\t\t\t<div class=\"elementor-widget-container\">\n\t\t\t\t\t<div class=\"elementor-divider\">\n\t\t\t<span class=\"elementor-divider-separator\">\n\t\t\t\t\t\t<\/span>\n\t\t<\/div>\n\t\t\t\t<\/div>\n\t\t\t\t<\/div>\n\t\t\t\t<div class=\"elementor-element elementor-element-6ecfd0c1 elementor-widget elementor-widget-heading\" data-id=\"6ecfd0c1\" data-element_type=\"widget\" data-widget_type=\"heading.default\">\n\t\t\t\t<div class=\"elementor-widget-container\">\n\t\t\t<h2 class=\"elementor-heading-title elementor-size-default\"><a href=\"http:\/\/lubmasz.dkonto.pl\/index.php\/oferta\/hydraulika-silowa\/naprawa-silownikow-hydraulicznych\/\">Naprawa si\u0142ownik\u00f3w hydraulicznych<\/a><\/h2>\t\t<\/div>\n\t\t\t\t<\/div>\n\t\t\t\t<div class=\"elementor-element elementor-element-33d02a3a elementor-widget-divider--view-line elementor-widget elementor-widget-divider\" data-id=\"33d02a3a\" data-element_type=\"widget\" data-widget_type=\"divider.default\">\n\t\t\t\t<div class=\"elementor-widget-container\">\n\t\t\t\t\t<div class=\"elementor-divider\">\n\t\t\t<span class=\"elementor-divider-separator\">\n\t\t\t\t\t\t<\/span>\n\t\t<\/div>\n\t\t\t\t<\/div>\n\t\t\t\t<\/div>\n\t\t\t\t<div class=\"elementor-element elementor-element-180af565 elementor-widget elementor-widget-heading\" data-id=\"180af565\" data-element_type=\"widget\" data-widget_type=\"heading.default\">\n\t\t\t\t<div class=\"elementor-widget-container\">\n\t\t\t<h2 class=\"elementor-heading-title elementor-size-default\"><a href=\"http:\/\/lubmasz.dkonto.pl\/index.php\/oferta\/hydraulika-silowa\/naprawa-zebatych-pomp-i-silnikow-hydraulicznych\/\">Naprawa z\u0119batych pomp \ni silnik\u00f3w hydraulicznych<\/a><\/h2>\t\t<\/div>\n\t\t\t\t<\/div>\n\t\t\t\t\t<\/div>\n\t\t<\/div>\n\t\t\t\t\t\t\t<\/div>\n\t\t<\/section>\n\t\t\t\t\t<\/div>\n\t\t<\/div>\n\t\t\t\t<div class=\"elementor-column elementor-col-50 elementor-top-column elementor-element elementor-element-4e72939a\" data-id=\"4e72939a\" data-element_type=\"column\">\n\t\t\t<div class=\"elementor-widget-wrap elementor-element-populated\">\n\t\t\t\t\t\t\t\t<div class=\"elementor-element elementor-element-72a7e32 elementor-widget elementor-widget-heading\" data-id=\"72a7e32\" data-element_type=\"widget\" data-widget_type=\"heading.default\">\n\t\t\t\t<div class=\"elementor-widget-container\">\n\t\t\t<h2 class=\"elementor-heading-title elementor-size-default\">Czym jest<\/h2>\t\t<\/div>\n\t\t\t\t<\/div>\n\t\t\t\t<div class=\"elementor-element elementor-element-79f6b4ab elementor-widget elementor-widget-heading\" data-id=\"79f6b4ab\" data-element_type=\"widget\" data-widget_type=\"heading.default\">\n\t\t\t\t<div class=\"elementor-widget-container\">\n\t\t\t<h2 class=\"elementor-heading-title elementor-size-default\">hydraulika si\u0142owa<\/h2>\t\t<\/div>\n\t\t\t\t<\/div>\n\t\t\t\t<div class=\"elementor-element elementor-element-3cdd0ce8 elementor-widget elementor-widget-text-editor\" data-id=\"3cdd0ce8\" data-element_type=\"widget\" data-widget_type=\"text-editor.default\">\n\t\t\t\t<div class=\"elementor-widget-container\">\n\t\t\t\t\t\t\t<p>Hydraulika si\u0142owa zajmuje si\u0119 praktycznym zastosowaniem uk\u0142ad\u00f3w hydraulicznych, kt\u00f3re wykorzystywane s\u0105 w wielu maszynach roboczych. Zasada jej dzia\u0142ania opiera si\u0119 na przekazywaniu si\u0142y za pomoc\u0105 cieczy. Przy wykorzystaniu pompy, kt\u00f3ra wymusza obieg cieczy hydraulicznej pod odpowiednim ci\u015bnieniem, mo\u017cliwe jest sterowanie si\u0142ownikami hydraulicznymi zmieniaj\u0105cymi energi\u0119 strumienia p\u0142ynu w ruch prostoliniowy albo obrotowy (w przypadku silnik\u00f3w hydraulicznych). G\u0142\u00f3wnymi zaletami takiego uk\u0142adu s\u0105: wszechstronno\u015b\u0107, \u0142atwo\u015b\u0107 sterowania, mo\u017cliwo\u015bci konfiguracji, a tak\u017ce wydajno\u015b\u0107 i precyzja.<\/p>\t\t\t\t\t\t<\/div>\n\t\t\t\t<\/div>\n\t\t\t\t<div class=\"elementor-element elementor-element-7a9f11af elementor-widget elementor-widget-heading\" data-id=\"7a9f11af\" data-element_type=\"widget\" data-widget_type=\"heading.default\">\n\t\t\t\t<div class=\"elementor-widget-container\">\n\t\t\t<h2 class=\"elementor-heading-title elementor-size-default\">Jak naprawiamy<\/h2>\t\t<\/div>\n\t\t\t\t<\/div>\n\t\t\t\t<div class=\"elementor-element elementor-element-17c17bbc elementor-widget elementor-widget-heading\" data-id=\"17c17bbc\" data-element_type=\"widget\" data-widget_type=\"heading.default\">\n\t\t\t\t<div class=\"elementor-widget-container\">\n\t\t\t<h2 class=\"elementor-heading-title elementor-size-default\">uk\u0142ady hydrauliczne?<\/h2>\t\t<\/div>\n\t\t\t\t<\/div>\n\t\t\t\t<div class=\"elementor-element elementor-element-54d99662 elementor-widget elementor-widget-text-editor\" data-id=\"54d99662\" data-element_type=\"widget\" data-widget_type=\"text-editor.default\">\n\t\t\t\t<div class=\"elementor-widget-container\">\n\t\t\t\t\t\t\t<p>Nasza firma zajmuje si\u0119 napraw\u0105 i regeneracj\u0105 podzespo\u0142\u00f3w uk\u0142ad\u00f3w hydraulicznych. Podczas naprawy pomp, silnik\u00f3w i si\u0142ownik\u00f3w hydraulicznych ogromn\u0105 rol\u0119 odgrywa precyzja. Pasowanie wsp\u00f3\u0142pracuj\u0105cych element\u00f3w wymaga dok\u0142adno\u015bci nawet do setnych cz\u0119\u015bci milimetra. Podczas napraw podzespo\u0142\u00f3w zajmujemy si\u0119 r\u00f3wnie\u017c regeneracj\u0105 i wykonaniem ich poszczeg\u00f3lnych cz\u0119\u015bci. W przypadku, gdy cz\u0119\u015bci trzeba wymieni\u0107 na nowe, stosujemy orygina\u0142y lub wysokiej jako\u015bci cz\u0119\u015bci zamienne.<\/p><p>Dzi\u0119ki takiej staranno\u015bci naprawy oraz jako\u015bci cz\u0119\u015bci, ryzyko uszkodzenia podzespo\u0142\u00f3w hydraulicznych zostaje zminimalizowane do zera.<\/p>\t\t\t\t\t\t<\/div>\n\t\t\t\t<\/div>\n\t\t\t\t<div class=\"elementor-element elementor-element-4c1bbd85 elementor-widget elementor-widget-heading\" data-id=\"4c1bbd85\" data-element_type=\"widget\" data-widget_type=\"heading.default\">\n\t\t\t\t<div class=\"elementor-widget-container\">\n\t\t\t<h2 class=\"elementor-heading-title elementor-size-default\">Przyk\u0142adowe elementy<\/h2>\t\t<\/div>\n\t\t\t\t<\/div>\n\t\t\t\t<div class=\"elementor-element elementor-element-2378e074 elementor-widget elementor-widget-heading\" data-id=\"2378e074\" data-element_type=\"widget\" data-widget_type=\"heading.default\">\n\t\t\t\t<div class=\"elementor-widget-container\">\n\t\t\t<h2 class=\"elementor-heading-title elementor-size-default\">uk\u0142adu hydraulicznego?<\/h2>\t\t<\/div>\n\t\t\t\t<\/div>\n\t\t\t\t<div class=\"elementor-element elementor-element-64554d0e elementor-widget elementor-widget-text-editor\" data-id=\"64554d0e\" data-element_type=\"widget\" data-widget_type=\"text-editor.default\">\n\t\t\t\t<div class=\"elementor-widget-container\">\n\t\t\t\t\t\t\t<ul><li>ZBIORNIK<\/li><li>ZAW\u00d3R<\/li><li>FILTR<\/li><li>POMPA HYDRAULICZNA<\/li><li>SILNIK HYDRULICZNY<\/li><li>SI\u0141OWNIK<\/li><li>HYDRAULICZNY<\/li><li>ROZDZIELACZ\u00a0HYDRAULICZNY<\/li><\/ul>\t\t\t\t\t\t<\/div>\n\t\t\t\t<\/div>\n\t\t\t\t\t<\/div>\n\t\t<\/div>\n\t\t\t\t\t\t\t<\/div>\n\t\t<\/section>\n\t\t\t\t\t\t<\/div>\n\t\t\t\t\t<\/div>\n\t\t","protected":false},"excerpt":{"rendered":"<p>Hydraulika si\u0142owa Co robimy? Naprawa silnik\u00f3w hydraulicznych Naprawa pomp hydraulicznych Naprawa si\u0142ownik\u00f3w hydraulicznych Naprawa z\u0119batych pomp i silnik\u00f3w hydraulicznych Czym jest hydraulika si\u0142owa Hydraulika si\u0142owa zajmuje si\u0119 praktycznym zastosowaniem uk\u0142ad\u00f3w hydraulicznych, kt\u00f3re wykorzystywane s\u0105 w wielu maszynach roboczych. Zasada jej dzia\u0142ania opiera si\u0119 na przekazywaniu si\u0142y za pomoc\u0105 cieczy. Przy wykorzystaniu pompy, kt\u00f3ra wymusza obieg [&hellip;]<\/p>\n","protected":false},"author":1,"featured_media":0,"parent":25,"menu_order":0,"comment_status":"closed","ping_status":"closed","template":"","meta":{"footnotes":""},"class_list":["post-212","page","type-page","status-publish","hentry"],"_links":{"self":[{"href":"http:\/\/lubmasz.dkonto.pl\/index.php\/wp-json\/wp\/v2\/pages\/212","targetHints":{"allow":["GET"]}}],"collection":[{"href":"http:\/\/lubmasz.dkonto.pl\/index.php\/wp-json\/wp\/v2\/pages"}],"about":[{"href":"http:\/\/lubmasz.dkonto.pl\/index.php\/wp-json\/wp\/v2\/types\/page"}],"author":[{"embeddable":true,"href":"http:\/\/lubmasz.dkonto.pl\/index.php\/wp-json\/wp\/v2\/users\/1"}],"replies":[{"embeddable":true,"href":"http:\/\/lubmasz.dkonto.pl\/index.php\/wp-json\/wp\/v2\/comments?post=212"}],"version-history":[{"count":34,"href":"http:\/\/lubmasz.dkonto.pl\/index.php\/wp-json\/wp\/v2\/pages\/212\/revisions"}],"predecessor-version":[{"id":417,"href":"http:\/\/lubmasz.dkonto.pl\/index.php\/wp-json\/wp\/v2\/pages\/212\/revisions\/417"}],"up":[{"embeddable":true,"href":"http:\/\/lubmasz.dkonto.pl\/index.php\/wp-json\/wp\/v2\/pages\/25"}],"wp:attachment":[{"href":"http:\/\/lubmasz.dkonto.pl\/index.php\/wp-json\/wp\/v2\/media?parent=212"}],"curies":[{"name":"wp","href":"https:\/\/api.w.org\/{rel}","templated":true}]}}